{"id":5472,"date":"2022-04-06T08:50:42","date_gmt":"2022-04-06T06:50:42","guid":{"rendered":"https:\/\/okshop.upvision.site\/?page_id=5472"},"modified":"2022-11-17T00:18:28","modified_gmt":"2022-11-16T23:18:28","slug":"kontakt","status":"publish","type":"page","link":"https:\/\/okshop.upvision.site\/cs\/kontakt\/","title":{"rendered":"Kontakt"},"content":{"rendered":"<div class=\"wpb-content-wrapper\"><p>[vc_row][vc_column][vc_column_text][\/vc_column_text][\/vc_column][\/vc_row][vc_row css=&#8220;.vc_custom_1496930387151{margin-bottom: 4vh !important;}&#8220;][vc_column]\n\t\t<div id=\"wd-6256d45d42e46\" class=\"title-wrapper wd-wpb set-mb-s reset-last-child  wd-rs-6256d45d42e46 wd-title-color-default wd-title-style-default text-center vc_custom_1649857655199 wd-width-enabled wd-underline-colored\" style=\"--wd-max-width: 50%;\">\n\t\t\t\n\t\t\t<div class=\"liner-continer\">\n\t\t\t\t<h4 class=\"woodmart-title-container title  wd-font-weight- wd-fontsize-xxl\" >Napi\u0161te n\u00e1m<\/h4>\n\t\t\t\t\t\t\t<\/div>\n\t\t\t\n\t\t\t\t\t\t\t<div class=\"title-after_title  set-cont-mb-s reset-last-child  wd-fontsize-s\">Zaujal v\u00e1s n\u011bkter\u00fd z na\u0161ich produkt\u016f, nebo m\u00e1te z\u00e1jem o cenovou nab\u00eddku?<br \/>\nKontaktujte n\u00e1s.<\/div>\n\t\t\t\n\t\t\t\n\t\t<\/div>\n\t\t\n\t\t[vc_empty_space woodmart_hide_large=&#8220;0&#8243; woodmart_hide_medium=&#8220;0&#8243; woodmart_hide_small=&#8220;0&#8243; woodmart_hide_extra_small=&#8220;0&#8243;]\n<div class=\"wpcf7 no-js\" id=\"wpcf7-f6202-o1\" lang=\"sk-SK\" dir=\"ltr\">\n<div class=\"screen-reader-response\"><p role=\"status\" aria-live=\"polite\" aria-atomic=\"true\"><\/p> <ul><\/ul><\/div>\n<form action=\"\/cs\/wp-json\/wp\/v2\/pages\/5472#wpcf7-f6202-o1\" method=\"post\" class=\"wpcf7-form init\" aria-label=\"Kontaktn\u00fd formul\u00e1r\" novalidate=\"novalidate\" data-status=\"init\">\n<div style=\"display: none;\">\n<input type=\"hidden\" name=\"_wpcf7\" value=\"6202\" \/>\n<input type=\"hidden\" name=\"_wpcf7_version\" value=\"5.9.3\" \/>\n<input type=\"hidden\" name=\"_wpcf7_locale\" value=\"sk_SK\" \/>\n<input type=\"hidden\" name=\"_wpcf7_unit_tag\" value=\"wpcf7-f6202-o1\" \/>\n<input type=\"hidden\" name=\"_wpcf7_container_post\" value=\"0\" \/>\n<input type=\"hidden\" name=\"_wpcf7_posted_data_hash\" value=\"\" \/>\n<input type=\"hidden\" name=\"_wpcf7_recaptcha_response\" value=\"\" \/>\n<\/div>\n<div class=\"row\">\n\t<div class=\"col-md-6\" style='margin-bottom:20px;'>\n\t\t<p><label> Jm\u00e9no<br \/>\n<span class=\"wpcf7-form-control-wrap\" data-name=\"your-name\"><input size=\"40\" class=\"wpcf7-form-control wpcf7-text wpcf7-validates-as-required\" aria-required=\"true\" aria-invalid=\"false\" value=\"\" type=\"text\" name=\"your-name\" \/><\/span> <\/label>\n\t\t<\/p>\n\t<\/div>\n\t<div class=\"col-md-6\" style='margin-bottom:20px;'>\n\t\t<p><label> E-mail<br \/>\n<span class=\"wpcf7-form-control-wrap\" data-name=\"your-email\"><input size=\"40\" class=\"wpcf7-form-control wpcf7-email wpcf7-validates-as-required wpcf7-text wpcf7-validates-as-email\" aria-required=\"true\" aria-invalid=\"false\" value=\"\" type=\"email\" name=\"your-email\" \/><\/span> <\/label>\n\t\t<\/p>\n\t<\/div>\n<\/div>\n<div class=\"row\">\n\t<div class=\"col-md-6\" style='margin-bottom:20px;'>\n\t\t<p><label>Firma<\/label><span class=\"wpcf7-form-control-wrap\" data-name=\"text-1\"><input size=\"40\" class=\"wpcf7-form-control wpcf7-text\" aria-invalid=\"false\" value=\"\" type=\"text\" name=\"text-1\" \/><\/span>\n\t\t<\/p>\n\t<\/div>\n\t<div class=\"col-md-6\" style='margin-bottom:20px;'>\n\t\t<p><label> Tel. \u010d\u00edslo<br \/>\n<span class=\"wpcf7-form-control-wrap\" data-name=\"tel-914\"><input size=\"40\" class=\"wpcf7-form-control wpcf7-tel wpcf7-validates-as-required wpcf7-text wpcf7-validates-as-tel\" aria-required=\"true\" aria-invalid=\"false\" value=\"\" type=\"tel\" name=\"tel-914\" \/><\/span><\/label>\n\t\t<\/p>\n\t<\/div>\n<\/div>\n<div class=\"row\">\n\t<div class=\"col-md-6\" style='margin-bottom:20px;'>\n\t\t<p><label> P\u0159edm\u011bt<br \/>\n<span class=\"wpcf7-form-control-wrap\" data-name=\"your-subject\"><input size=\"40\" class=\"wpcf7-form-control wpcf7-text\" aria-invalid=\"false\" value=\"\" type=\"text\" name=\"your-subject\" \/><\/span> <\/label>\n\t\t<\/p>\n\t<\/div>\n\t<div class=\"col-md-6\" style='margin-bottom:20px;'>\n\t\t<p><label>Zpr\u00e1va<\/label><span class=\"wpcf7-form-control-wrap\" data-name=\"text-584\"><input size=\"40\" class=\"wpcf7-form-control wpcf7-text\" aria-invalid=\"false\" value=\"\" type=\"text\" name=\"text-584\" \/><\/span>\n\t\t<\/p>\n\t<\/div>\n<\/div>\n<p>Va\u0161e osobn\u00ed \u00fadaje zpracov\u00e1v\u00e1me za \u00fa\u010delem vy\u0159\u00edzen\u00ed Va\u0161\u00ed zpr\u00e1vy. V\u00edce informac\u00ed <a href=\"https:\/\/okshop.upvision.site\/cs\/cookies-policy\/\">zde<\/a>\n<\/p>\n<p><input class=\"wpcf7-form-control wpcf7-submit has-spinner\" type=\"submit\" value=\"Odeslat\" \/>\n<\/p><div class=\"wpcf7-response-output\" aria-hidden=\"true\"><\/div>\n<\/form>\n<\/div>\n[vc_empty_space height=&#8220;20&#8243;][vc_separator][\/vc_column][\/vc_row][vc_row css_animation=&#8220;none&#8220; css=&#8220;.vc_custom_1496930373879{margin-bottom: 30px !important;padding-right: 5% !important;padding-left: 5% !important;}&#8220;][vc_column css_animation=&#8220;none&#8220; width=&#8220;1\/2&#8243; css=&#8220;.vc_custom_1496929082665{margin-bottom: 20px !important;padding-top: 0px !important;}&#8220; offset=&#8220;vc_col-lg-3 vc_col-md-3&#8243;][vc_custom_heading text=&#8220;FIREMN\u00cd \u00daDAJE&#8220; font_container=&#8220;tag:h5|text_align:left&#8220; use_theme_fonts=&#8220;yes&#8220; css=&#8220;.vc_custom_1649857730474{margin-bottom: 10px !important;}&#8220;][vc_separator color=&#8220;custom&#8220; accent_color=&#8220;#eaeaea&#8220; css=&#8220;.vc_custom_1481478904779{margin-bottom: 10px !important;}&#8220;][vc_custom_heading text=&#8220;Priemyseln\u00fd are\u00e1l Hol\u00ed\u010d<br \/>\nKop\u010dansk\u00e1 35<br \/>\nHol\u00ed\u010d 908 51&#8243; font_container=&#8220;tag:p|text_align:left&#8220; use_theme_fonts=&#8220;yes&#8220; css=&#8220;.vc_custom_1612222663338{margin-bottom: 0px !important;}&#8220;][\/vc_column][vc_column css_animation=&#8220;none&#8220; width=&#8220;1\/2&#8243; css=&#8220;.vc_custom_1496929092528{margin-bottom: 20px !important;padding-top: 0px !important;}&#8220; offset=&#8220;vc_col-lg-3 vc_col-md-3&#8243;][vc_custom_heading text=&#8220;TELEFON&#8220; font_container=&#8220;tag:h5|text_align:left&#8220; use_theme_fonts=&#8220;yes&#8220; css=&#8220;.vc_custom_1649857775311{margin-bottom: 10px !important;}&#8220;][vc_separator color=&#8220;custom&#8220; accent_color=&#8220;#eaeaea&#8220; css=&#8220;.vc_custom_1481478904779{margin-bottom: 10px !important;}&#8220;][vc_custom_heading text=&#8220;+421 907 77 30 77<br \/>\n+421 910 363 956<br \/>\n&#8220; font_container=&#8220;tag:p|text_align:left&#8220; use_theme_fonts=&#8220;yes&#8220; css=&#8220;.vc_custom_1668640703527{margin-bottom: 0px !important;}&#8220;][\/vc_column][vc_column css_animation=&#8220;none&#8220; width=&#8220;1\/2&#8243; css=&#8220;.vc_custom_1496929103695{margin-bottom: 20px !important;padding-top: 0px !important;}&#8220; offset=&#8220;vc_col-lg-3 vc_col-md-3&#8243;][vc_custom_heading text=&#8220;E-MAIL&#8220; font_container=&#8220;tag:h5|text_align:left&#8220; use_theme_fonts=&#8220;yes&#8220; css=&#8220;.vc_custom_1612772629664{margin-bottom: 10px !important;}&#8220;][vc_separator color=&#8220;custom&#8220; accent_color=&#8220;#eaeaea&#8220; css=&#8220;.vc_custom_1481478904779{margin-bottom: 10px !important;}&#8220;][vc_custom_heading text=&#8220;info@okmont.sk&#8220; font_container=&#8220;tag:p|text_align:left&#8220; use_theme_fonts=&#8220;yes&#8220; css=&#8220;.vc_custom_1612222667031{margin-bottom: 0px !important;}&#8220;][\/vc_column][vc_column css_animation=&#8220;none&#8220; width=&#8220;1\/2&#8243; css=&#8220;.vc_custom_1496929120737{margin-bottom: 20px !important;padding-top: 0px !important;}&#8220; offset=&#8220;vc_col-lg-3 vc_col-md-3&#8243;][vc_custom_heading text=&#8220;FAKTURA\u010cN\u00cd \u00daDAJE&#8220; font_container=&#8220;tag:h5|text_align:left&#8220; use_theme_fonts=&#8220;yes&#8220; css=&#8220;.vc_custom_1649857753868{margin-bottom: 10px !important;}&#8220;][vc_separator color=&#8220;custom&#8220; accent_color=&#8220;#eaeaea&#8220; css=&#8220;.vc_custom_1481478904779{margin-bottom: 10px !important;}&#8220;][vc_custom_heading text=&#8220;OK mont Europe s.r.o.<\/p>\n<p>I\u010cO: 51337053<br \/>\nDI\u010c: 2120715520<br \/>\nI\u010c DPHSK: 2120715520<br \/>\npod\u013ea \u00a74&#8243; font_container=&#8220;tag:p|text_align:left&#8220; use_theme_fonts=&#8220;yes&#8220; css=&#8220;.vc_custom_1612525264710{margin-bottom: 0px !important;}&#8220;][\/vc_column][\/vc_row][vc_row disable_element=&#8220;yes&#8220; mobile_bg_img_hidden=&#8220;no&#8220; tablet_bg_img_hidden=&#8220;no&#8220; woodmart_parallax=&#8220;0&#8243; woodmart_gradient_switch=&#8220;no&#8220; row_reverse_mobile=&#8220;0&#8243; row_reverse_tablet=&#8220;0&#8243; woodmart_disable_overflow=&#8220;0&#8243;][vc_column][\/vc_column][\/vc_row][vc_row disable_element=&#8220;yes&#8220; css=&#8220;.vc_custom_1614838332857{margin-bottom: 8vh !important;}&#8220; mobile_bg_img_hidden=&#8220;no&#8220; tablet_bg_img_hidden=&#8220;no&#8220; woodmart_parallax=&#8220;0&#8243; woodmart_gradient_switch=&#8220;no&#8220; row_reverse_mobile=&#8220;0&#8243; row_reverse_tablet=&#8220;0&#8243; woodmart_disable_overflow=&#8220;0&#8243;][vc_column width=&#8220;1\/2&#8243; offset=&#8220;vc_col-lg-3 vc_col-md-3&#8243;]\t\t<div class=\"team-member wd-wpb wd-rs- member-layout-hover text-center color-scheme-light \">\n\t\t\t\t\t\t\t<div class=\"member-image-wrapper\">\n\t\t\t\t\t<div class=\"member-image\">\n\t\t\t\t\t\t<img loading=\"lazy\" decoding=\"async\" width=\"400\" height=\"600\" src=\"https:\/\/okshop.upvision.site\/wp-content\/uploads\/2021\/02\/team26.jpg\" class=\"team-member-avatar-image\" alt=\"\" srcset=\"https:\/\/okshop.upvision.site\/wp-content\/uploads\/2021\/02\/team26.jpg 400w, https:\/\/okshop.upvision.site\/wp-content\/uploads\/2021\/02\/team26-150x225.jpg 150w, https:\/\/okshop.upvision.site\/wp-content\/uploads\/2021\/02\/team26-200x300.jpg 200w\" sizes=\"(max-width: 400px) 100vw, 400px\" \/>\t\t\t\t\t<\/div>\n\t\t\t\t<\/div>\n\t\t\t\n\t\t\t<div class=\"member-details set-mb-s reset-last-child\">\n\t\t\t\t\t\t\t\t\t<h4 class=\"member-name\">\n\t\t\t\t\t\tMARK JANCE\t\t\t\t\t<\/h4>\n\t\t\t\t\n\t\t\t\t\t\t\t\t\t<div class=\"member-position\">\n\t\t\t\t\t\tCEO \/ FOUNDER\t\t\t\t\t<\/div>\n\t\t\t\t\n\t\t\t\t\n\t\t\t\t\t\t\t<\/div>\n\t\t<\/div>\n\n\t\t[\/vc_column][vc_column width=&#8220;1\/2&#8243; offset=&#8220;vc_col-lg-3 vc_col-md-3&#8243;]\t\t<div class=\"team-member wd-wpb wd-rs- member-layout-hover text-center color-scheme-light \">\n\t\t\t\t\t\t\t<div class=\"member-image-wrapper\">\n\t\t\t\t\t<div class=\"member-image\">\n\t\t\t\t\t\t<img loading=\"lazy\" decoding=\"async\" width=\"400\" height=\"600\" src=\"https:\/\/okshop.upvision.site\/wp-content\/uploads\/2021\/02\/team26.jpg\" class=\"team-member-avatar-image\" alt=\"\" srcset=\"https:\/\/okshop.upvision.site\/wp-content\/uploads\/2021\/02\/team26.jpg 400w, https:\/\/okshop.upvision.site\/wp-content\/uploads\/2021\/02\/team26-150x225.jpg 150w, https:\/\/okshop.upvision.site\/wp-content\/uploads\/2021\/02\/team26-200x300.jpg 200w\" sizes=\"(max-width: 400px) 100vw, 400px\" \/>\t\t\t\t\t<\/div>\n\t\t\t\t<\/div>\n\t\t\t\n\t\t\t<div class=\"member-details set-mb-s reset-last-child\">\n\t\t\t\t\t\t\t\t\t<h4 class=\"member-name\">\n\t\t\t\t\t\tMARK JANCE\t\t\t\t\t<\/h4>\n\t\t\t\t\n\t\t\t\t\t\t\t\t\t<div class=\"member-position\">\n\t\t\t\t\t\tCEO \/ FOUNDER\t\t\t\t\t<\/div>\n\t\t\t\t\n\t\t\t\t\n\t\t\t\t\t\t\t<\/div>\n\t\t<\/div>\n\n\t\t[\/vc_column][vc_column width=&#8220;1\/2&#8243; offset=&#8220;vc_col-lg-3 vc_col-md-3&#8243;]\t\t<div class=\"team-member wd-wpb wd-rs- member-layout-hover text-center color-scheme-light \">\n\t\t\t\t\t\t\t<div class=\"member-image-wrapper\">\n\t\t\t\t\t<div class=\"member-image\">\n\t\t\t\t\t\t<img loading=\"lazy\" decoding=\"async\" width=\"400\" height=\"600\" src=\"https:\/\/okshop.upvision.site\/wp-content\/uploads\/2021\/02\/team26.jpg\" class=\"team-member-avatar-image\" alt=\"\" srcset=\"https:\/\/okshop.upvision.site\/wp-content\/uploads\/2021\/02\/team26.jpg 400w, https:\/\/okshop.upvision.site\/wp-content\/uploads\/2021\/02\/team26-150x225.jpg 150w, https:\/\/okshop.upvision.site\/wp-content\/uploads\/2021\/02\/team26-200x300.jpg 200w\" sizes=\"(max-width: 400px) 100vw, 400px\" \/>\t\t\t\t\t<\/div>\n\t\t\t\t<\/div>\n\t\t\t\n\t\t\t<div class=\"member-details set-mb-s reset-last-child\">\n\t\t\t\t\t\t\t\t\t<h4 class=\"member-name\">\n\t\t\t\t\t\tMARK JANCE\t\t\t\t\t<\/h4>\n\t\t\t\t\n\t\t\t\t\t\t\t\t\t<div class=\"member-position\">\n\t\t\t\t\t\tCEO \/ FOUNDER\t\t\t\t\t<\/div>\n\t\t\t\t\n\t\t\t\t\n\t\t\t\t\t\t\t<\/div>\n\t\t<\/div>\n\n\t\t[\/vc_column][vc_column width=&#8220;1\/2&#8243; offset=&#8220;vc_col-lg-3 vc_col-md-3&#8243;]\t\t<div class=\"team-member wd-wpb wd-rs- member-layout-hover text-center color-scheme-light \">\n\t\t\t\t\t\t\t<div class=\"member-image-wrapper\">\n\t\t\t\t\t<div class=\"member-image\">\n\t\t\t\t\t\t<img loading=\"lazy\" decoding=\"async\" width=\"400\" height=\"600\" src=\"https:\/\/okshop.upvision.site\/wp-content\/uploads\/2021\/02\/team26.jpg\" class=\"team-member-avatar-image\" alt=\"\" srcset=\"https:\/\/okshop.upvision.site\/wp-content\/uploads\/2021\/02\/team26.jpg 400w, https:\/\/okshop.upvision.site\/wp-content\/uploads\/2021\/02\/team26-150x225.jpg 150w, https:\/\/okshop.upvision.site\/wp-content\/uploads\/2021\/02\/team26-200x300.jpg 200w\" sizes=\"(max-width: 400px) 100vw, 400px\" \/>\t\t\t\t\t<\/div>\n\t\t\t\t<\/div>\n\t\t\t\n\t\t\t<div class=\"member-details set-mb-s reset-last-child\">\n\t\t\t\t\t\t\t\t\t<h4 class=\"member-name\">\n\t\t\t\t\t\tMARK JANCE\t\t\t\t\t<\/h4>\n\t\t\t\t\n\t\t\t\t\t\t\t\t\t<div class=\"member-position\">\n\t\t\t\t\t\tCEO \/ FOUNDER\t\t\t\t\t<\/div>\n\t\t\t\t\n\t\t\t\t\n\t\t\t\t\t\t\t<\/div>\n\t\t<\/div>\n\n\t\t[\/vc_column][\/vc_row][vc_row][vc_column]\n\t\t<div id=\"wd-6256d4fcf0208\" class=\"title-wrapper wd-wpb set-mb-s reset-last-child  wd-rs-6256d4fcf0208 wd-title-color-default wd-title-style-default text-center vc_custom_1649857793664 wd-width-enabled wd-underline-colored\" style=\"--wd-max-width: 50%;\">\n\t\t\t\n\t\t\t<div class=\"liner-continer\">\n\t\t\t\t<h4 class=\"woodmart-title-container title  wd-font-weight- wd-fontsize-xxl\" >KDE N\u00c1S NAJDETE<\/h4>\n\t\t\t\t\t\t\t<\/div>\n\t\t\t\n\t\t\t\n\t\t\t\n\t\t<\/div>\n\t\t\n\t\t[\/vc_column][\/vc_row][vc_row full_width=&#8220;stretch_row_content_no_spaces&#8220; mobile_bg_img_hidden=&#8220;no&#8220; tablet_bg_img_hidden=&#8220;no&#8220; woodmart_parallax=&#8220;0&#8243; woodmart_gradient_switch=&#8220;no&#8220; row_reverse_mobile=&#8220;0&#8243; row_reverse_tablet=&#8220;0&#8243; woodmart_disable_overflow=&#8220;0&#8243; css=&#8220;.vc_custom_1613751875998{margin-bottom: -70px !important;}&#8220;][vc_column mobile_bg_img_hidden=&#8220;no&#8220; tablet_bg_img_hidden=&#8220;no&#8220; woodmart_parallax=&#8220;0&#8243; woodmart_sticky_column=&#8220;false&#8220; parallax_scroll=&#8220;no&#8220; mobile_reset_margin=&#8220;no&#8220; tablet_reset_margin=&#8220;no&#8220;][vc_raw_html]JTNDaWZyYW1lJTIwc3JjJTNEJTIyaHR0cHMlM0ElMkYlMkZ3d3cuZ29vZ2xlLmNvbSUyRm1hcHMlMkZlbWJlZCUzRnBiJTNEJTIxMW0xOCUyMTFtMTIlMjExbTMlMjExZDI2MjguMDA5MDgyNzIxNzY0NiUyMTJkMTcuMTUyMjA0ODE1NjcyMzM4JTIxM2Q0OC44MDA4MDUyNzkyODE5MiUyMTJtMyUyMTFmMCUyMTJmMCUyMTNmMCUyMTNtMiUyMTFpMTAyNCUyMTJpNzY4JTIxNGYxMy4xJTIxM20zJTIxMW0yJTIxMXMweDQ3MTMzMjA4ZDAzYTg4MGQlMjUzQTB4MzFmZTc0YzhiZDE1NDI0OSUyMTJ6UzI5d3hJMWhibk5ydzZFZ016VXNJRGt3T0NBMU1TQkliMnpEcmNTTiUyMTVlMCUyMTNtMiUyMTFzc2slMjEyc3NrJTIxNHYxNjEyNTI1MzMyNjgwJTIxNW0yJTIxMXNzayUyMTJzc2slMjIlMjB3aWR0aCUzRCUyMjEwMCUyNSUyMiUyMGhlaWdodCUzRCUyMjQ1MCUyMiUyMGZyYW1lYm9yZGVyJTNEJTIyMCUyMiUyMHN0eWxlJTNEJTIyYm9yZGVyJTNBMCUzQiUyMiUyMGFsbG93ZnVsbHNjcmVlbiUzRCUyMiUyMiUyMGFyaWEtaGlkZGVuJTNEJTIyZmFsc2UlMjIlMjB0YWJpbmRleCUzRCUyMjAlMjIlM0UlM0MlMkZpZnJhbWUlM0U=[\/vc_raw_html][\/vc_column][\/vc_row]<\/p>\n<\/div>","protected":false},"excerpt":{"rendered":"<p>[vc_row][vc_column][vc_column_text][\/vc_column_text][\/vc_column][\/vc_row][vc_row css=&#8220;.vc_custom_1496930387151{margin-bottom: 4vh !important;}&#8220;][vc_column][vc_empty_space woodmart_hide_large=&#8220;0&#8243; woodmart_hide_medium=&#8220;0&#8243; woodmart_hide_small=&#8220;0&#8243; woodmart_hide_extra_small=&#8220;0&#8243;][vc_empty_space height=&#8220;20&#8243;][vc_separator][\/vc_column][\/vc_row][vc_row css_animation=&#8220;none&#8220; css=&#8220;.vc_custom_1496930373879{margin-bottom: 30px !important;padding-right: 5% !important;padding-left: 5% !important;}&#8220;][vc_column css_animation=&#8220;none&#8220; width=&#8220;1\/2&#8243; css=&#8220;.vc_custom_1496929082665{margin-bottom:<\/p>\n","protected":false},"author":5,"featured_media":0,"parent":0,"menu_order":0,"comment_status":"closed","ping_status":"closed","template":"","meta":{"footnotes":""},"_links":{"self":[{"href":"https:\/\/okshop.upvision.site\/cs\/wp-json\/wp\/v2\/pages\/5472"}],"collection":[{"href":"https:\/\/okshop.upvision.site\/cs\/wp-json\/wp\/v2\/pages"}],"about":[{"href":"https:\/\/okshop.upvision.site\/cs\/wp-json\/wp\/v2\/types\/page"}],"author":[{"embeddable":true,"href":"https:\/\/okshop.upvision.site\/cs\/wp-json\/wp\/v2\/users\/5"}],"replies":[{"embeddable":true,"href":"https:\/\/okshop.upvision.site\/cs\/wp-json\/wp\/v2\/comments?post=5472"}],"version-history":[{"count":4,"href":"https:\/\/okshop.upvision.site\/cs\/wp-json\/wp\/v2\/pages\/5472\/revisions"}],"predecessor-version":[{"id":6262,"href":"https:\/\/okshop.upvision.site\/cs\/wp-json\/wp\/v2\/pages\/5472\/revisions\/6262"}],"wp:attachment":[{"href":"https:\/\/okshop.upvision.site\/cs\/wp-json\/wp\/v2\/media?parent=5472"}],"curies":[{"name":"wp","href":"https:\/\/api.w.org\/{rel}","templated":true}]}}