{"id":5474,"date":"2022-04-06T08:51:20","date_gmt":"2022-04-06T06:51:20","guid":{"rendered":"https:\/\/okshop.upvision.site\/?page_id=5474"},"modified":"2023-03-13T15:58:40","modified_gmt":"2023-03-13T14:58:40","slug":"o-nas","status":"publish","type":"page","link":"https:\/\/okshop.upvision.site\/cs\/o-nas\/","title":{"rendered":"O n\u00e1s"},"content":{"rendered":"<div class=\"wpb-content-wrapper\"><p>[vc_section full_width=&#8220;stretch_row&#8220; css=&#8220;.vc_custom_1678719513601{margin-bottom: 2vh !important;padding-bottom: 8vh !important;background-position: center !important;background-repeat: no-repeat !important;background-size: cover !important;}&#8220; mobile_bg_img_hidden=&#8220;no&#8220; tablet_bg_img_hidden=&#8220;no&#8220; woodmart_parallax=&#8220;0&#8243; woodmart_gradient_switch=&#8220;no&#8220; woodmart_disable_overflow=&#8220;0&#8243; woodmart_css_id=&#8220;640f3a11957cb&#8220; responsive_spacing=&#8220;eyJwYXJhbV90eXBlIjoid29vZG1hcnRfcmVzcG9uc2l2ZV9zcGFjaW5nIiwic2VsZWN0b3JfaWQiOiI2NDBmM2ExMTk1N2NiIiwic2hvcnRjb2RlIjoidmNfc2VjdGlvbiIsImRhdGEiOnsidGFibGV0Ijp7fSwibW9iaWxlIjp7fX19&#8243; woodmart_box_shadow=&#8220;no&#8220; wd_z_index=&#8220;no&#8220;][vc_row equal_height=&#8220;yes&#8220; content_placement=&#8220;middle&#8220; css=&#8220;.vc_custom_1499604445501{margin-right: -25px !important;margin-left: -25px !important;}&#8220;][vc_column width=&#8220;1\/2&#8243; css=&#8220;.vc_custom_1499604620360{padding-top: 10px !important;padding-right: 35px !important;padding-bottom: 10px !important;padding-left: 35px !important;}&#8220;][vc_column_text woodmart_color_scheme=&#8220;light&#8220; el_class=&#8220;text-larger&#8220; css=&#8220;.vc_custom_1649846802541{margin-bottom: 25px !important;}&#8220; text_larger=&#8220;no&#8220; woodmart_inline=&#8220;no&#8220;]<strong><span style=\"color: #000000;\">Jsme mlad\u00e1 rodinn\u00e1 spole\u010dnost, kter\u00e1 p\u0159i\u0161la na trh v roce 2018. Na\u0161\u00edm z\u00e1kladn\u00edm zam\u011b\u0159en\u00edm je odv\u011btv\u00ed stavebn\u00ed architektury z hlin\u00edku.<\/span><\/strong><\/p>\n<p><span style=\"color: #000000;\">Z\u00e1kazn\u00edk\u016fm poskytujeme jedine\u010dn\u00e1 a komplexn\u00ed \u0159e\u0161en\u00ed \u201ena m\u00edru\u201c, od projektov\u00e9 p\u0159\u00edpravy a\u017e po fin\u00e1ln\u00ed proveden\u00ed a p\u0159ed\u00e1n\u00ed pr\u00e1ce. Na\u0161e portfolio slu\u017eeb zahrnuje kompletn\u00ed realizaci zimn\u00edch zahrad, zasklen\u00ed teras a balkon\u016f, v\u00fdrobu hlin\u00edkov\u00fdch oken, z\u00e1bradl\u00ed, pergol a mnoho dal\u0161\u00edho.<\/span><\/p>\n<p><span style=\"color: #000000;\">Z\u00e1rukou \u00fasp\u011b\u0161n\u00e9 realizace va\u0161ich po\u017eadavk\u016f v t\u00e9 nejvy\u0161\u0161\u00ed mo\u017en\u00e9 kvalit\u011b je zku\u0161en\u00fd a profesion\u00e1ln\u00ed t\u00fdm s dlouholetou odbornou prax\u00ed ve stavebnictv\u00ed.<\/span><\/p>\n<p><strong><span style=\"color: #000000;\">Bezpe\u010dnost \/ kvalita \/ cena \/ profesion\u00e1ln\u00ed a f\u00e9rov\u00fd p\u0159\u00edstup k z\u00e1kazn\u00edkovi. Toto jsou op\u011brn\u00e9 hodnoty spole\u010dnosti OKMONT.<\/span><\/strong><\/p>\n<p><span style=\"color: #000000;\">T\u011b\u0161\u00edme se na budouc\u00ed spolupr\u00e1ci.<\/span><\/p>\n<p style=\"text-align: right;\"><strong><span style=\"color: #000000;\">T\u00fdm OKMONT<\/span><\/strong><\/p>\n<p>[\/vc_column_text][vc_row_inner][vc_column_inner width=&#8220;5\/12&#8243;]<div id=\"wd-6257f8908a131\" class=\" wd-rs-6257f8908a131  wd-button-wrapper text-center inline-element\"><a href=\"https:\/\/okshop.upvision.site\/cs\/produkty\/\" title=\"Produkty\" class=\"btn btn-color-primary btn-style-default btn-style-semi-round btn-size-large\">Na\u0161e produkty<\/a><\/div>[\/vc_column_inner][vc_column_inner width=&#8220;5\/12&#8243;]<div id=\"wd-6257f8cc35f23\" class=\" wd-rs-6257f8cc35f23  wd-button-wrapper text-center inline-element\"><a href=\"https:\/\/okshop.upvision.site\/cs\/kontakt\/\" title=\"Kontakt\" class=\"btn btn-color-black btn-style-bordered btn-style-semi-round btn-size-large\">Kontakt<\/a><\/div>[\/vc_column_inner][vc_column_inner width=&#8220;2\/12&#8243;][\/vc_column_inner][\/vc_row_inner][\/vc_column][vc_column width=&#8220;1\/2&#8243; woodmart_color_scheme=&#8220;light&#8220; css=&#8220;.vc_custom_1499604612121{padding-top: 10px !important;padding-right: 25px !important;padding-bottom: 10px !important;padding-left: 25px !important;}&#8220;][vc_single_image image=&#8220;5323&#8243; img_size=&#8220;full&#8220; alignment=&#8220;center&#8220; parallax_scroll=&#8220;no&#8220;][vc_row_inner css=&#8220;.vc_custom_1613572965074{margin-right: 0px !important;margin-left: 0px !important;border-bottom-width: 1px !important;border-bottom-color: rgba(201,201,201,0.3) !important;border-bottom-style: solid !important;border-radius: 1px !important;}&#8220; row_reverse_mobile=&#8220;0&#8243; row_reverse_tablet=&#8220;0&#8243;][vc_column_inner width=&#8220;1\/2&#8243; css=&#8220;.vc_custom_1613572942611{padding-top: 35px !important;}&#8220; offset=&#8220;vc_col-xs-6&#8243;]\t\t\t<div class=\"woodmart-counter wd-wpb  wd-rs-6256aa93ae71f counter-large text-center color-scheme-dark \" id=\"wd-6256aa93ae71f\">\n\t\t\t\t<div class=\"counter-value wd-font-weight-600\" data-state=\"new\" data-final=\"1200\">1200<\/div>\n\t\t\t\t\t\t\t\t\t<div class=\"counter-label\">Dokon\u010den\u00fdch projekt\u016f<\/div>\n\t\t\t\t\t\t\t\t\t\t\t<\/div>\n\n\t\t[\/vc_column_inner][vc_column_inner width=&#8220;1\/2&#8243; css=&#8220;.vc_custom_1613572974239{border-left-width: 1px !important;padding-top: 35px !important;border-left-color: rgba(201,201,201,0.3) !important;border-left-style: solid !important;border-radius: 1px !important;}&#8220; offset=&#8220;vc_col-xs-6&#8243;]\t\t\t<div class=\"woodmart-counter wd-wpb  wd-rs-6256aaa5e7b79 counter-large text-center color-scheme-dark \" id=\"wd-6256aaa5e7b79\">\n\t\t\t\t<div class=\"counter-value wd-font-weight-600\" data-state=\"new\" data-final=\"1149\">1149<\/div>\n\t\t\t\t\t\t\t\t\t<div class=\"counter-label\">Spokojen\u00fdch z\u00e1kazn\u00edk\u016f<\/div>\n\t\t\t\t\t\t\t\t\t\t\t<\/div>\n\n\t\t[\/vc_column_inner][\/vc_row_inner][\/vc_column][\/vc_row][\/vc_section][vc_row content_placement=&#8220;middle&#8220; css=&#8220;.vc_custom_1678719474634{margin-bottom: 80px !important;padding-top: 15px !important;padding-bottom: 25px !important;background-color: #ed1c24 !important;}&#8220; mobile_bg_img_hidden=&#8220;no&#8220; tablet_bg_img_hidden=&#8220;no&#8220; woodmart_parallax=&#8220;0&#8243; woodmart_gradient_switch=&#8220;no&#8220; row_reverse_mobile=&#8220;0&#8243; row_reverse_tablet=&#8220;0&#8243; woodmart_disable_overflow=&#8220;0&#8243; woodmart_css_id=&#8220;640f39ec1dc15&#8243; responsive_spacing=&#8220;eyJwYXJhbV90eXBlIjoid29vZG1hcnRfcmVzcG9uc2l2ZV9zcGFjaW5nIiwic2VsZWN0b3JfaWQiOiI2NDBmMzllYzFkYzE1Iiwic2hvcnRjb2RlIjoidmNfcm93IiwiZGF0YSI6eyJ0YWJsZXQiOnt9LCJtb2JpbGUiOnt9fX0=&#8220; woodmart_box_shadow=&#8220;no&#8220; wd_z_index=&#8220;no&#8220;][vc_column][vc_row_inner][vc_column_inner width=&#8220;1\/12&#8243;][\/vc_column_inner][vc_column_inner width=&#8220;2\/3&#8243;][vc_custom_heading text=&#8220;PL\u00c1NUJETE SI PO\u0158\u00cdDIT ZIMN\u00cd ZAHRADU?<br \/>\nVY\u017d\u00c1DEJTE SI CENOVOU NAB\u00cdDKU.&#8220; font_container=&#8220;tag:h2|text_align:left|color:%23ffffff&#8220; use_theme_fonts=&#8220;yes&#8220;][\/vc_column_inner][vc_column_inner width=&#8220;1\/4&#8243; css=&#8220;.vc_custom_1614931713713{padding-top: 10px !important;}&#8220;]<div id=\"wd-6256c004312da\" class=\" wd-rs-6256c004312da  wd-button-wrapper text-center\"><a href=\"https:\/\/okshop.upvision.site\/cs\/kontakt\/\" title=\"Footer1(CZ)\" class=\"btn btn-color-white btn-style-default btn-style-rectangle btn-size-extra-large\">Chci nab\u00eddku<\/a><\/div>[\/vc_column_inner][\/vc_row_inner][\/vc_column][\/vc_row][vc_row css=&#8220;.vc_custom_1613743793579{margin-bottom: 4vh !important;padding-top: 8vh !important;background-color: #ffffff !important;}&#8220; mobile_bg_img_hidden=&#8220;no&#8220; tablet_bg_img_hidden=&#8220;no&#8220; woodmart_parallax=&#8220;0&#8243; woodmart_gradient_switch=&#8220;no&#8220; row_reverse_mobile=&#8220;0&#8243; row_reverse_tablet=&#8220;0&#8243; woodmart_disable_overflow=&#8220;0&#8243;][vc_column css=&#8220;.vc_custom_1565004297575{margin-top: -140px !important;padding-top: 0px !important;background-color: #ffffff !important;}&#8220; mobile_bg_img_hidden=&#8220;no&#8220; tablet_bg_img_hidden=&#8220;no&#8220; woodmart_parallax=&#8220;0&#8243; woodmart_sticky_column=&#8220;false&#8220; el_class=&#8220;z-index-10&#8243; parallax_scroll=&#8220;no&#8220; mobile_reset_margin=&#8220;no&#8220; tablet_reset_margin=&#8220;no&#8220;][vc_empty_space height=&#8220;60px&#8220; woodmart_hide_large=&#8220;0&#8243; woodmart_hide_medium=&#8220;0&#8243; woodmart_hide_small=&#8220;0&#8243; woodmart_hide_extra_small=&#8220;0&#8243;]\n\t\t<div id=\"wd-6256aabfe6535\" class=\"title-wrapper wd-wpb set-mb-s reset-last-child  wd-rs-6256aabfe6535 wd-title-color-primary wd-title-style-default text-center vc_custom_1649846977266 wd-width-enabled wd-underline-colored\" style=\"--wd-max-width: 90%;\">\n\t\t\t\n\t\t\t<div class=\"liner-continer\">\n\t\t\t\t<h4 class=\"woodmart-title-container title  wd-font-weight- wd-fontsize-xxxl\" >Benefity spolupr\u00e1ce s n\u00e1mi<\/h4>\n\t\t\t\t\t\t\t<\/div>\n\t\t\t\n\t\t\t\n\t\t\t\n\t\t<\/div>\n\t\t\n\t\t[vc_row_inner][vc_column_inner width=&#8220;1\/2&#8243; css=&#8220;.vc_custom_1613572915200{margin-top: 5vh !important;margin-bottom: 4vh !important;border-right-width: 0px !important;padding-top: 0px !important;border-right-color: #e6e6e6 !important;border-right-style: solid !important;border-radius: 1px !important;}&#8220; offset=&#8220;vc_col-md-3&#8243;]\t\t\t<div class=\"info-box-wrapper\">\n\t\t\t\t<div id=\"wd-6256aad884c8d\" class=\" wd-rs-6256aad884c8d wd-info-box wd-wpb text-center box-icon-align-top box-style- color-scheme- wd-bg-none vc_custom_1649847004568\">\n\t\t\t\t\t\t\t\t\t\t\t<div class=\"box-icon-wrapper  box-with-icon box-icon-simple\">\n\t\t\t\t\t\t\t<div class=\"info-box-icon\">\n\n\t\t\t\t\t\t\t\n\t\t\t\t\t\t\t\t\t\t\t\t\t\t\t\t\t<div class=\"info-svg-wrapper info-icon\" style=\"width: 100px;height: 100px;\"><svg xmlns=\"http:\/\/www.w3.org\/2000\/svg\" id=\"svg-8116\" data-name=\"Layer 1\" viewBox=\"0 0 90 90\"><defs><style>.cls-1{fill:#ed1c24;}<\/style><\/defs><path class=\"cls-1\" d=\"M50.17,90H39.83a2.58,2.58,0,0,1-2.56-2.28l-.57-5.06A38,38,0,0,1,24.23,77.5l-4,3.17a2.58,2.58,0,0,1-3.43-.19L9.52,73.16a2.57,2.57,0,0,1-.19-3.42l3.17-4A38,38,0,0,1,7.34,53.29l-5.06-.57A2.57,2.57,0,0,1,0,50.17V39.83a2.58,2.58,0,0,1,2.28-2.56l5.06-.57A38,38,0,0,1,12.5,24.23l-3.17-4a2.57,2.57,0,0,1,.19-3.42l7.32-7.32a2.57,2.57,0,0,1,3.42-.19l4,3.17A38,38,0,0,1,36.71,7.34l.57-5.06A2.57,2.57,0,0,1,39.83,0H50.17a2.58,2.58,0,0,1,2.56,2.28l.57,5.06A38,38,0,0,1,65.77,12.5l4-3.17a2.58,2.58,0,0,1,3.43.19l7.31,7.32a2.57,2.57,0,0,1,.19,3.42l-3.17,4a38,38,0,0,1,5.16,12.47l5.06.57A2.57,2.57,0,0,1,90,39.83V50.17a2.58,2.58,0,0,1-2.28,2.56l-5.06.57A38,38,0,0,1,77.5,65.77l3.17,4a2.58,2.58,0,0,1-.19,3.43l-7.32,7.31a2.57,2.57,0,0,1-3.42.19l-4-3.17a38,38,0,0,1-12.47,5.16l-.57,5.06A2.57,2.57,0,0,1,50.17,90Zm-26-15.37a1.3,1.3,0,0,1,.72.22,35.7,35.7,0,0,0,13.24,5.48,1.3,1.3,0,0,1,1,1.12l.68,6H50.17l.68-6a1.28,1.28,0,0,1,1-1.12,35.53,35.53,0,0,0,13.24-5.48,1.29,1.29,0,0,1,1.52.06l4.7,3.75,7.32-7.32-3.75-4.7a1.29,1.29,0,0,1-.06-1.52,35.53,35.53,0,0,0,5.48-13.24,1.28,1.28,0,0,1,1.12-1l6-.68V39.83l-6-.68a1.28,1.28,0,0,1-1.12-1,35.65,35.65,0,0,0-5.48-13.23,1.31,1.31,0,0,1,.06-1.53l3.75-4.7-7.32-7.32-4.7,3.75a1.29,1.29,0,0,1-1.52.06A35.53,35.53,0,0,0,51.88,9.67a1.28,1.28,0,0,1-1-1.12l-.68-6H39.83l-.68,6a1.28,1.28,0,0,1-1,1.12,35.65,35.65,0,0,0-13.23,5.48,1.31,1.31,0,0,1-1.53-.06l-4.7-3.75-7.32,7.32,3.75,4.7a1.29,1.29,0,0,1,.06,1.52A35.7,35.7,0,0,0,9.67,38.12a1.3,1.3,0,0,1-1.12,1l-6,.68V50.17l6,.68a1.28,1.28,0,0,1,1.12,1,35.53,35.53,0,0,0,5.48,13.24,1.29,1.29,0,0,1-.06,1.52l-3.75,4.7,7.32,7.32,4.7-3.75A1.3,1.3,0,0,1,24.16,74.63Z\"><\/path><path class=\"cls-1\" d=\"M68,34.75A1.3,1.3,0,0,1,66.82,34a21.22,21.22,0,0,0-2-3.23,1.29,1.29,0,1,1,2.07-1.53,23.55,23.55,0,0,1,2.2,3.63,1.28,1.28,0,0,1-.59,1.72,1.25,1.25,0,0,1-.57.13Z\"><\/path><path class=\"cls-1\" d=\"M45,72a27,27,0,0,1,0-54c.49,0,1,0,1.46,0a1.29,1.29,0,0,1-.14,2.57c-.44,0-.88,0-1.32,0A24.42,24.42,0,1,0,69.43,45c0-.29,0-.57,0-.86A1.28,1.28,0,1,1,72,43.93c0,.36,0,.71,0,1.07A27,27,0,0,1,45,72Z\"><\/path><path class=\"cls-1\" d=\"M59.45,25a1.26,1.26,0,0,1-.73-.23A23,23,0,0,0,55.6,23a1.28,1.28,0,1,1,1.08-2.33l0,0a27,27,0,0,1,3.46,2A1.28,1.28,0,0,1,59.45,25Z\"><\/path><path class=\"cls-1\" d=\"M66,61.08a1.28,1.28,0,0,1-1-.54,24.36,24.36,0,0,0-39.94,0A1.29,1.29,0,0,1,22.9,59.1l0,0a26.95,26.95,0,0,1,44.14,0,1.28,1.28,0,0,1-1,2Z\"><\/path><path class=\"cls-1\" d=\"M45,50.14a9.84,9.84,0,1,1,9.84-9.84h0A9.85,9.85,0,0,1,45,50.14ZM45,33a7.27,7.27,0,1,0,7.27,7.27A7.26,7.26,0,0,0,45,33Z\"><\/path><\/svg> <\/div>\t\t\t\t\t\t\t\t\t\t\t\t\t\t\t\n\t\t\t\t\t\t\t<\/div>\n\t\t\t\t\t\t<\/div>\n\t\t\t\t\t\t\t\t\t\t<div class=\"info-box-content\">\n\t\t\t\t\t\t<h4 class=\"info-box-title title box-title-style-default wd-fontsize-s\">ZKU\u0160EN\u00dd T\u00ddM<\/h4>\t\t\t\t\t\t<div class=\"info-box-inner set-cont-mb-s reset-last-child\"><\/div>\n\n\t\t\t\t\t\t\t\t\t\t\t<\/div>\n\n\t\t\t\t\t\n\t\t\t\t\t\t\t\t\t<\/div>\n\t\t\t<\/div>\n\t\t[\/vc_column_inner][vc_column_inner width=&#8220;1\/2&#8243; css=&#8220;.vc_custom_1613572900022{margin-top: 5vh !important;margin-bottom: 4vh !important;border-right-width: 0px !important;padding-top: 0px !important;border-right-color: #e6e6e6 !important;border-right-style: solid !important;}&#8220; offset=&#8220;vc_col-md-3&#8243;]\t\t\t<div class=\"info-box-wrapper\">\n\t\t\t\t<div id=\"wd-6256aae5b5aee\" class=\" wd-rs-6256aae5b5aee wd-info-box wd-wpb text-center box-icon-align-top box-style- color-scheme- wd-bg-none vc_custom_1649847020386\">\n\t\t\t\t\t\t\t\t\t\t\t<div class=\"box-icon-wrapper  box-with-icon box-icon-simple\">\n\t\t\t\t\t\t\t<div class=\"info-box-icon\">\n\n\t\t\t\t\t\t\t\n\t\t\t\t\t\t\t\t\t\t\t\t\t\t\t\t\t<div class=\"info-svg-wrapper info-icon\" style=\"width: 100px;height: 100px;\"><svg xmlns=\"http:\/\/www.w3.org\/2000\/svg\" id=\"svg-9661\" data-name=\"Layer 1\" viewBox=\"0 0 90 90\"><defs><style>.cls-1{fill:#ed1c24;}<\/style><\/defs><path class=\"cls-1\" d=\"M87.15,87.12a2.89,2.89,0,0,1-1.27-.3l-15-7.6-.08,0h-50A2.83,2.83,0,0,1,18,76.37V45h2.66V76.37a.17.17,0,0,0,.17.18h50a2.9,2.9,0,0,1,1.25.29l15,7.61a.15.15,0,0,0,.16,0,.16.16,0,0,0,.08-.15V38.54a.17.17,0,0,0-.17-.17H70.65V35.72h16.5A2.83,2.83,0,0,1,90,38.54V84.29a2.82,2.82,0,0,1-1.35,2.41A2.79,2.79,0,0,1,87.15,87.12Z\"><\/path><path class=\"cls-1\" d=\"M74,54.69H34.27a1.33,1.33,0,0,1,0-2.65H74a1.33,1.33,0,0,1,0,2.65Z\"><\/path><path class=\"cls-1\" d=\"M58.63,64.25H34.27a1.33,1.33,0,0,1,0-2.66H58.63a1.33,1.33,0,0,1,0,2.66Z\"><\/path><path class=\"cls-1\" d=\"M70.65,22.21a1.34,1.34,0,0,1-1.33-1.33V15.7a1.33,1.33,0,0,1,2.66,0v5.18A1.34,1.34,0,0,1,70.65,22.21Z\"><\/path><path class=\"cls-1\" d=\"M2.84,54.28a2.78,2.78,0,0,1-1.47-.42A2.82,2.82,0,0,1,0,51.45V5.7A2.83,2.83,0,0,1,2.85,2.88H69.16A2.83,2.83,0,0,1,72,5.7V10a1.33,1.33,0,0,1-2.66,0V5.7a.17.17,0,0,0-.16-.17H2.85a.17.17,0,0,0-.17.17V51.45a.16.16,0,0,0,.08.15.14.14,0,0,0,.17,0l15-7.59a3,3,0,0,1,1.28-.3h50a.17.17,0,0,0,.16-.18V26.74a1.33,1.33,0,0,1,2.66,0V43.53a2.83,2.83,0,0,1-2.82,2.83h-50l-.11,0L4.13,54A3,3,0,0,1,2.84,54.28Z\"><\/path><path class=\"cls-1\" d=\"M55.73,21.85H16a1.33,1.33,0,1,1,0-2.65H55.73a1.33,1.33,0,1,1,0,2.65Z\"><\/path><path class=\"cls-1\" d=\"M55.73,31.4H31.38a1.33,1.33,0,1,1,0-2.65H55.73a1.33,1.33,0,1,1,0,2.65Z\"><\/path><\/svg> <\/div>\t\t\t\t\t\t\t\t\t\t\t\t\t\t\t\n\t\t\t\t\t\t\t<\/div>\n\t\t\t\t\t\t<\/div>\n\t\t\t\t\t\t\t\t\t\t<div class=\"info-box-content\">\n\t\t\t\t\t\t<h4 class=\"info-box-title title box-title-style-default wd-fontsize-s\">RYCHL\u00c1 A PROFESION\u00c1LN\u00cd KOMUNIKACE<\/h4>\t\t\t\t\t\t<div class=\"info-box-inner set-cont-mb-s reset-last-child\"><\/div>\n\n\t\t\t\t\t\t\t\t\t\t\t<\/div>\n\n\t\t\t\t\t\n\t\t\t\t\t\t\t\t\t<\/div>\n\t\t\t<\/div>\n\t\t[\/vc_column_inner][vc_column_inner width=&#8220;1\/2&#8243; css=&#8220;.vc_custom_1613572905509{margin-top: 5vh !important;margin-bottom: 4vh !important;border-right-width: 0px !important;padding-top: 0px !important;border-right-color: #e6e6e6 !important;border-right-style: solid !important;}&#8220; offset=&#8220;vc_col-md-3&#8243;]\t\t\t<div class=\"info-box-wrapper\">\n\t\t\t\t<div id=\"wd-6256aaf4b5392\" class=\" wd-rs-6256aaf4b5392 wd-info-box wd-wpb text-center box-icon-align-top box-style- color-scheme- wd-bg-none vc_custom_1649847044067\">\n\t\t\t\t\t\t\t\t\t\t\t<div class=\"box-icon-wrapper  box-with-icon box-icon-simple\">\n\t\t\t\t\t\t\t<div class=\"info-box-icon\">\n\n\t\t\t\t\t\t\t\n\t\t\t\t\t\t\t\t\t\t\t\t\t\t\t\t\t<div class=\"info-svg-wrapper info-icon\" style=\"width: 100px;height: 100px;\"><svg xmlns=\"http:\/\/www.w3.org\/2000\/svg\" id=\"svg-1359\" data-name=\"Layer 1\" viewBox=\"0 0 90 90\"><defs><style>.cls-1{fill:#ed1c24;}<\/style><\/defs><path class=\"cls-1\" d=\"M34.17,35.06a1.28,1.28,0,0,1-1.28-1.29,1.23,1.23,0,0,1,.15-.59l1.77-3.38A1.29,1.29,0,1,1,37.09,31h0l-1.78,3.38A1.27,1.27,0,0,1,34.17,35.06Z\"><\/path><path class=\"cls-1\" d=\"M36.08,71.5a1.31,1.31,0,0,1-.59-.14L19,62.72A1.29,1.29,0,0,1,18.46,61h0L23,52.43a1.29,1.29,0,0,1,2.28,1.2L21.34,61l14.19,7.44L65.8,10.76a1.37,1.37,0,0,0,.1-1,1.32,1.32,0,0,0-.68-.8L53.45,2.73a1.38,1.38,0,0,0-1.85.58h0L41.27,23A1.29,1.29,0,1,1,39,21.82L49.33,2.11A3.94,3.94,0,0,1,54.65.45L66.42,6.62a3.92,3.92,0,0,1,1.67,5.29l0,.05L37.21,70.81a1.29,1.29,0,0,1-.76.63,1.15,1.15,0,0,1-.37.06Z\"><\/path><path class=\"cls-1\" d=\"M28.26,46.34A1.28,1.28,0,0,1,27,45.06v0a1.36,1.36,0,0,1,.15-.59l1.74-3.31a1.28,1.28,0,1,1,2.27,1.2L29.42,45.6a1.28,1.28,0,0,1-1.16.74Z\"><\/path><path class=\"cls-1\" d=\"M19.2,83.65a1.28,1.28,0,0,1-1.29-1.28v0l.4-20.8a1.29,1.29,0,0,1,1.31-1.26,1.32,1.32,0,0,1,.58.15l16.48,8.64a1.29,1.29,0,0,1,.54,1.74,1.4,1.4,0,0,1-.39.45L20,83.42a1.26,1.26,0,0,1-.75.23Zm1.65-20-.32,16.15,13.11-9.44Z\"><\/path><path class=\"cls-1\" d=\"M59.77,26.32a1.37,1.37,0,0,1-.6-.15L42.69,17.53a1.29,1.29,0,1,1,1.19-2.28l16.48,8.64a1.29,1.29,0,0,1-.6,2.43Z\"><\/path><path class=\"cls-1\" d=\"M27.84,67.17a1.28,1.28,0,0,1-1.29-1.28,1.27,1.27,0,0,1,.15-.6L50.39,20.11a1.29,1.29,0,0,1,2.28,1.2L29,66.49A1.26,1.26,0,0,1,27.84,67.17Z\"><\/path><path class=\"cls-1\" d=\"M70.8,90H20a1.29,1.29,0,0,1,0-2.57H70.8a1.29,1.29,0,1,1,0,2.57Z\"><\/path><\/svg> <\/div>\t\t\t\t\t\t\t\t\t\t\t\t\t\t\t\n\t\t\t\t\t\t\t<\/div>\n\t\t\t\t\t\t<\/div>\n\t\t\t\t\t\t\t\t\t\t<div class=\"info-box-content\">\n\t\t\t\t\t\t<h4 class=\"info-box-title title box-title-style-default wd-fontsize-s\">\u0158E\u0160EN\u00cd NA M\u00cdRU PODLE<br \/>\nVA\u0160ICH P\u0158EDSTAV<\/h4>\t\t\t\t\t\t<div class=\"info-box-inner set-cont-mb-s reset-last-child\"><\/div>\n\n\t\t\t\t\t\t\t\t\t\t\t<\/div>\n\n\t\t\t\t\t\n\t\t\t\t\t\t\t\t\t<\/div>\n\t\t\t<\/div>\n\t\t[\/vc_column_inner][vc_column_inner width=&#8220;1\/2&#8243; css=&#8220;.vc_custom_1512382071287{margin-top: 5vh !important;margin-bottom: 4vh !important;padding-top: 0px !important;}&#8220; offset=&#8220;vc_col-md-3&#8243;]\t\t\t<div class=\"info-box-wrapper\">\n\t\t\t\t<div id=\"wd-6256ab1090721\" class=\" wd-rs-6256ab1090721 wd-info-box wd-wpb text-center box-icon-align-top box-style- color-scheme- wd-bg-none vc_custom_1649847070055\">\n\t\t\t\t\t\t\t\t\t\t\t<div class=\"box-icon-wrapper  box-with-icon box-icon-simple\">\n\t\t\t\t\t\t\t<div class=\"info-box-icon\">\n\n\t\t\t\t\t\t\t\n\t\t\t\t\t\t\t\t\t\t\t\t\t\t\t\t\t<div class=\"info-svg-wrapper info-icon\" style=\"width: 100px;height: 100px;\"><svg xmlns=\"http:\/\/www.w3.org\/2000\/svg\" id=\"svg-6604\" data-name=\"Layer 1\" viewBox=\"0 0 90 90\"><defs><style>.cls-1{fill:#ed1c24;}<\/style><\/defs><path class=\"cls-1\" d=\"M54.81,61a1.28,1.28,0,0,1-1.28-1.29,1.26,1.26,0,0,1,.37-.89l2.63-2.65A1.29,1.29,0,0,1,58.36,58h0l-2.64,2.65A1.29,1.29,0,0,1,54.81,61Z\"><\/path><path class=\"cls-1\" d=\"M25.22,90a2.6,2.6,0,0,1-1.84-.76L.77,66.63a2.62,2.62,0,0,1,0-3.69L62.92.77a2.63,2.63,0,0,1,3.7,0L89.23,23.37a2.63,2.63,0,0,1,0,3.7L73.78,42.54A1.29,1.29,0,0,1,72,40.72L87.42,25.26,64.82,2.59,2.58,64.74l22.6,22.68L47.54,65.15A1.28,1.28,0,1,1,49.35,67L27.07,89.24a2.66,2.66,0,0,1-1.85.76Z\"><\/path><path class=\"cls-1\" d=\"M63.81,52a1.29,1.29,0,0,1-1.29-1.29,1.27,1.27,0,0,1,.38-.9l2.7-2.7a1.28,1.28,0,1,1,1.85,1.78l0,0-2.7,2.7A1.3,1.3,0,0,1,63.81,52Z\"><\/path><path class=\"cls-1\" d=\"M26,52.14a1.3,1.3,0,0,1-.91-.38L19.4,46.11a1.29,1.29,0,0,1,1.67-2l.15.14L26.87,50a1.28,1.28,0,0,1,0,1.81,1.3,1.3,0,0,1-.91.38Z\"><\/path><path class=\"cls-1\" d=\"M29.39,43.06a1.27,1.27,0,0,1-.9-.38l-2.83-2.83A1.28,1.28,0,0,1,27.44,38l0,0,2.83,2.82a1.29,1.29,0,0,1-.91,2.2Z\"><\/path><path class=\"cls-1\" d=\"M38.48,39.63a1.28,1.28,0,0,1-.91-.38L31.91,33.6a1.29,1.29,0,0,1,1.82-1.82l5.65,5.65a1.29,1.29,0,0,1-.9,2.2Z\"><\/path><path class=\"cls-1\" d=\"M41.91,30.55a1.28,1.28,0,0,1-.91-.38l-2.83-2.83a1.28,1.28,0,1,1,1.73-1.9l.09.09,2.82,2.83a1.29,1.29,0,0,1-.9,2.19Z\"><\/path><path class=\"cls-1\" d=\"M51,27.12a1.3,1.3,0,0,1-.91-.38l-5.66-5.66a1.28,1.28,0,0,1,1.82-1.81l5.65,5.65a1.29,1.29,0,0,1-.91,2.2Z\"><\/path><path class=\"cls-1\" d=\"M54.42,18a1.29,1.29,0,0,1-.91-.37l-2.83-2.83A1.29,1.29,0,0,1,52.5,13l2.83,2.83A1.28,1.28,0,0,1,54.42,18Z\"><\/path><path class=\"cls-1\" d=\"M69.49,25.46A4.95,4.95,0,1,1,73,24,4.95,4.95,0,0,1,69.49,25.46Zm0-7.32a2.36,2.36,0,1,0,1.68.69,2.38,2.38,0,0,0-1.68-.69Z\"><\/path><\/svg> <\/div>\t\t\t\t\t\t\t\t\t\t\t\t\t\t\t\n\t\t\t\t\t\t\t<\/div>\n\t\t\t\t\t\t<\/div>\n\t\t\t\t\t\t\t\t\t\t<div class=\"info-box-content\">\n\t\t\t\t\t\t<h4 class=\"info-box-title title box-title-style-default wd-fontsize-s\">OD N\u00c1VRHU<br \/>\nA\u017d PO REALIZACI<\/h4>\t\t\t\t\t\t<div class=\"info-box-inner set-cont-mb-s reset-last-child\"><\/div>\n\n\t\t\t\t\t\t\t\t\t\t\t<\/div>\n\n\t\t\t\t\t\n\t\t\t\t\t\t\t\t\t<\/div>\n\t\t\t<\/div>\n\t\t[\/vc_column_inner][\/vc_row_inner][\/vc_column][\/vc_row]<\/p>\n<\/div>","protected":false},"excerpt":{"rendered":"<p>[vc_section full_width=&#8220;stretch_row&#8220; css=&#8220;.vc_custom_1678719513601{margin-bottom: 2vh !important;padding-bottom: 8vh !important;background-position: center !important;background-repeat: no-repeat !important;background-size: cover !important;}&#8220; mobile_bg_img_hidden=&#8220;no&#8220; tablet_bg_img_hidden=&#8220;no&#8220; woodmart_parallax=&#8220;0&#8243; woodmart_gradient_switch=&#8220;no&#8220; woodmart_disable_overflow=&#8220;0&#8243; woodmart_css_id=&#8220;640f3a11957cb&#8220; responsive_spacing=&#8220;eyJwYXJhbV90eXBlIjoid29vZG1hcnRfcmVzcG9uc2l2ZV9zcGFjaW5nIiwic2VsZWN0b3JfaWQiOiI2NDBmM2ExMTk1N2NiIiwic2hvcnRjb2RlIjoidmNfc2VjdGlvbiIsImRhdGEiOnsidGFibGV0Ijp7fSwibW9iaWxlIjp7fX19&#8243;<\/p>\n","protected":false},"author":5,"featured_media":0,"parent":0,"menu_order":0,"comment_status":"closed","ping_status":"closed","template":"","meta":{"footnotes":""},"_links":{"self":[{"href":"https:\/\/okshop.upvision.site\/cs\/wp-json\/wp\/v2\/pages\/5474"}],"collection":[{"href":"https:\/\/okshop.upvision.site\/cs\/wp-json\/wp\/v2\/pages"}],"about":[{"href":"https:\/\/okshop.upvision.site\/cs\/wp-json\/wp\/v2\/types\/page"}],"author":[{"embeddable":true,"href":"https:\/\/okshop.upvision.site\/cs\/wp-json\/wp\/v2\/users\/5"}],"replies":[{"embeddable":true,"href":"https:\/\/okshop.upvision.site\/cs\/wp-json\/wp\/v2\/comments?post=5474"}],"version-history":[{"count":5,"href":"https:\/\/okshop.upvision.site\/cs\/wp-json\/wp\/v2\/pages\/5474\/revisions"}],"predecessor-version":[{"id":6290,"href":"https:\/\/okshop.upvision.site\/cs\/wp-json\/wp\/v2\/pages\/5474\/revisions\/6290"}],"wp:attachment":[{"href":"https:\/\/okshop.upvision.site\/cs\/wp-json\/wp\/v2\/media?parent=5474"}],"curies":[{"name":"wp","href":"https:\/\/api.w.org\/{rel}","templated":true}]}}