{"id":5478,"date":"2022-04-06T08:53:37","date_gmt":"2022-04-06T06:53:37","guid":{"rendered":"https:\/\/okshop.upvision.site\/?page_id=5478"},"modified":"2023-03-13T15:54:24","modified_gmt":"2023-03-13T14:54:24","slug":"produkty","status":"publish","type":"page","link":"https:\/\/okshop.upvision.site\/cs\/produkty\/","title":{"rendered":"Produkty"},"content":{"rendered":"<div class=\"wpb-content-wrapper\"><p>[vc_row][vc_column][vc_column_text woodmart_inline=&#8220;no&#8220; text_larger=&#8220;no&#8220;]Lorem ipsum dolor sit amet, consectetur adipiscing elit, sed do eiusmod tempor incididunt ut labore et dolore magna aliqua. Et tortor at risus viverra adipiscing at. Lobortis feugiat vivamus at augue. In ante metus dictum at tempor commodo ullamcorper a lacus. Facilisis magna etiam tempor orci eu lobortis elementum nibh. Viverra ipsum nunc aliquet bibendum enim. In hendrerit gravida rutrum quisque non tellus orci. Elementum eu facilisis sed odio morbi. Sociis natoque penatibus et magnis dis parturient. Urna et pharetra pharetra massa massa ultricies mi. Eu augue ut lectus arcu. Tellus in hac habitasse platea dictumst vestibulum rhoncus. Augue ut lectus arcu bibendum at varius vel pharetra.[\/vc_column_text][\/vc_column][\/vc_row][vc_row][vc_column offset=&#8220;vc_hidden-xs&#8220; mobile_bg_img_hidden=&#8220;no&#8220; tablet_bg_img_hidden=&#8220;no&#8220; woodmart_parallax=&#8220;0&#8243; woodmart_sticky_column=&#8220;false&#8220; parallax_scroll=&#8220;no&#8220; mobile_reset_margin=&#8220;no&#8220; tablet_reset_margin=&#8220;no&#8220;][vc_row_inner equal_height=&#8220;yes&#8220; row_reverse_mobile=&#8220;0&#8243; row_reverse_tablet=&#8220;0&#8243; css=&#8220;.vc_custom_1619531227569{padding-bottom: 10px !important;}&#8220;][vc_column_inner width=&#8220;1\/3&#8243; css=&#8220;.vc_custom_1614675934321{margin-right: -10px !important;margin-left: -10px !important;}&#8220;]\t\t<div class=\"promo-banner-wrapper  wd-rs-624e989369c96 \">\n\t\t\t<div id=\"wd-624e989369c96\" class=\"promo-banner  banner-mask banner-hover-zoom color-scheme-light banner-btn-size-default banner-btn-style-link  with-btn banner-btn-position-hover wd-with-link wd-underline-colored\">\n\t\t\t\t<div class=\"main-wrapp-img\">\n\t\t\t\t\t<div class=\"banner-image wd-bg-position-center\" >\n\t\t\t\t\t\t<img loading=\"lazy\" decoding=\"async\" width=\"580\" height=\"420\" src=\"https:\/\/okshop.upvision.site\/wp-content\/uploads\/2021\/10\/pergola-pristresok-okmont-zaslenie-min-scaled-580x420.jpg\" class=\"attachment-580x420 size-580x420\" alt=\"pergola- pristresok-okmont-zaslenie\" \/>\t\t\t\t\t<\/div>\n\t\t\t\t<\/div>\n\n\t\t\t\t<div class=\"wrapper-content-banner wd-fill  wd-items-middle wd-justify-center\">\n\t\t\t\t\t<div class=\"content-banner  text-center\">\n\t\t\t\t\t\t<h4 class=\"banner-title wd-font-weight- wd-fontsize-xxl\">PERGOLY A P\u0158\u00cdST\u0158E\u0160KY<\/h4>\t\t\t\t\t\t\n\t\t\t\t\t\t\n\t\t\t\t\t\t<div class=\"banner-btn-wrapper\"><div id=\"wd-69f8812a345bd\" class=\"  wd-button-wrapper text-center\"><a href=\"https:\/\/okshop.upvision.site\/cs\/portfolio\/pergoly-a-pristresky\/\" title=\"Pergoly a p\u0159\u00edst\u0159e\u0161ky\" class=\"btn btn-color-white btn-style-link btn-style-rectangle btn-size-default\">DETAIL PRODUKTU<\/a><\/div><\/div>\t\t\t\t\t<\/div>\n\t\t\t\t<\/div>\n\n\t\t\t\t\t\t\t\t\t<a class=\"wd-promo-banner-link wd-fill\" aria-label=\"Banner link\" href=\"https:\/\/okshop.upvision.site\/cs\/portfolio\/pergoly-a-pristresky\/\" title=\"Pergoly a p\u0159\u00edst\u0159e\u0161ky\"><\/a>\n\t\t\t\t\n\t\t\t\t\t\t\t<\/div>\n\t\t<\/div>\n\n\t\t[\/vc_column_inner][vc_column_inner width=&#8220;1\/3&#8243; css=&#8220;.vc_custom_1614675944001{margin-right: -10px !important;margin-left: -10px !important;}&#8220;]\t\t<div class=\"promo-banner-wrapper  wd-rs-624e98cac03cd \">\n\t\t\t<div id=\"wd-624e98cac03cd\" class=\"promo-banner  banner-mask banner-hover-zoom color-scheme-light banner-btn-size-default banner-btn-style-link  with-btn banner-btn-position-hover wd-with-link wd-underline-colored\">\n\t\t\t\t<div class=\"main-wrapp-img\">\n\t\t\t\t\t<div class=\"banner-image wd-bg-position-center\" >\n\t\t\t\t\t\t<img loading=\"lazy\" decoding=\"async\" width=\"580\" height=\"420\" src=\"https:\/\/okshop.upvision.site\/wp-content\/uploads\/2021\/10\/hlinikove-dvere-okmont-zasklenie-min-scaled-580x420.jpg\" class=\"attachment-580x420 size-580x420\" alt=\"hlinikove-dvere-okmont\" \/>\t\t\t\t\t<\/div>\n\t\t\t\t<\/div>\n\n\t\t\t\t<div class=\"wrapper-content-banner wd-fill  wd-items-middle wd-justify-center\">\n\t\t\t\t\t<div class=\"content-banner  text-center\">\n\t\t\t\t\t\t<h4 class=\"banner-title wd-font-weight- wd-fontsize-xxl\">HLIN\u00cdKOV\u00c9 DVE\u0158E<\/h4>\t\t\t\t\t\t\n\t\t\t\t\t\t\n\t\t\t\t\t\t<div class=\"banner-btn-wrapper\"><div id=\"wd-69f8812a34b4e\" class=\"  wd-button-wrapper text-center\"><a href=\"https:\/\/okshop.upvision.site\/cs\/portfolio\/hlinikove-dvere\/\" title=\"Hlin\u00edkov\u00e9 dve\u0159e\" class=\"btn btn-color-white btn-style-link btn-style-rectangle btn-size-default\">DETAIL PRODUKTU<\/a><\/div><\/div>\t\t\t\t\t<\/div>\n\t\t\t\t<\/div>\n\n\t\t\t\t\t\t\t\t\t<a class=\"wd-promo-banner-link wd-fill\" aria-label=\"Banner link\" href=\"https:\/\/okshop.upvision.site\/cs\/portfolio\/hlinikove-dvere\/\" title=\"Hlin\u00edkov\u00e9 dve\u0159e\"><\/a>\n\t\t\t\t\n\t\t\t\t\t\t\t<\/div>\n\t\t<\/div>\n\n\t\t[\/vc_column_inner][vc_column_inner width=&#8220;1\/3&#8243; css=&#8220;.vc_custom_1614675951767{margin-right: -10px !important;margin-left: -10px !important;}&#8220;]\t\t<div class=\"promo-banner-wrapper  wd-rs-624e98fd06ea9 \">\n\t\t\t<div id=\"wd-624e98fd06ea9\" class=\"promo-banner  banner-mask banner-hover-zoom color-scheme-light banner-btn-size-default banner-btn-style-link  with-btn banner-btn-position-hover wd-with-link wd-underline-colored\">\n\t\t\t\t<div class=\"main-wrapp-img\">\n\t\t\t\t\t<div class=\"banner-image wd-bg-position-center\" >\n\t\t\t\t\t\t<img loading=\"lazy\" decoding=\"async\" width=\"580\" height=\"420\" src=\"https:\/\/okshop.upvision.site\/wp-content\/uploads\/2021\/10\/hlinikove-okna-okmont-zaslenie-min-scaled-580x420.jpg\" class=\"attachment-580x420 size-580x420\" alt=\"hlinikove-okna-okmont-zaslenie\" \/>\t\t\t\t\t<\/div>\n\t\t\t\t<\/div>\n\n\t\t\t\t<div class=\"wrapper-content-banner wd-fill  wd-items-middle wd-justify-center\">\n\t\t\t\t\t<div class=\"content-banner  text-center\">\n\t\t\t\t\t\t<h4 class=\"banner-title wd-font-weight- wd-fontsize-xxl\">HLIN\u00cdKOV\u00c1 OKNA<\/h4>\t\t\t\t\t\t\n\t\t\t\t\t\t\n\t\t\t\t\t\t<div class=\"banner-btn-wrapper\"><div id=\"wd-69f8812a3506c\" class=\"  wd-button-wrapper text-center\"><a href=\"https:\/\/okshop.upvision.site\/cs\/portfolio\/hlinikove-okna\/\" title=\"Hlin\u00edkov\u00e9 okn\u00e1\" class=\"btn btn-color-white btn-style-link btn-style-rectangle btn-size-default\">DETAIL PRODUKTU<\/a><\/div><\/div>\t\t\t\t\t<\/div>\n\t\t\t\t<\/div>\n\n\t\t\t\t\t\t\t\t\t<a class=\"wd-promo-banner-link wd-fill\" aria-label=\"Banner link\" href=\"https:\/\/okshop.upvision.site\/cs\/portfolio\/hlinikove-okna\/\" title=\"Hlin\u00edkov\u00e9 okn\u00e1\"><\/a>\n\t\t\t\t\n\t\t\t\t\t\t\t<\/div>\n\t\t<\/div>\n\n\t\t[\/vc_column_inner][\/vc_row_inner][vc_row_inner equal_height=&#8220;yes&#8220; row_reverse_mobile=&#8220;0&#8243; row_reverse_tablet=&#8220;0&#8243;][vc_column_inner width=&#8220;1\/3&#8243; css=&#8220;.vc_custom_1614675836879{margin-right: -10px !important;margin-left: -10px !important;}&#8220;]\t\t<div class=\"promo-banner-wrapper  wd-rs-624e990c55a1a \">\n\t\t\t<div id=\"wd-624e990c55a1a\" class=\"promo-banner  banner-mask banner-hover-zoom color-scheme-light banner-btn-size-default banner-btn-style-link  with-btn banner-btn-position-hover wd-with-link wd-underline-colored\">\n\t\t\t\t<div class=\"main-wrapp-img\">\n\t\t\t\t\t<div class=\"banner-image wd-bg-position-center\" >\n\t\t\t\t\t\t<img loading=\"lazy\" decoding=\"async\" width=\"580\" height=\"420\" src=\"https:\/\/okshop.upvision.site\/wp-content\/uploads\/2021\/10\/zimna-zahrada-okmont-zaslenie-min-scaled-580x420.jpg\" class=\"attachment-580x420 size-580x420\" alt=\"zimna-zahrada-okmont\" \/>\t\t\t\t\t<\/div>\n\t\t\t\t<\/div>\n\n\t\t\t\t<div class=\"wrapper-content-banner wd-fill  wd-items-middle wd-justify-center\">\n\t\t\t\t\t<div class=\"content-banner  text-center\">\n\t\t\t\t\t\t<h4 class=\"banner-title wd-font-weight- wd-fontsize-xl\">ZIMN\u00cd ZAHRADY<\/h4>\t\t\t\t\t\t\n\t\t\t\t\t\t\n\t\t\t\t\t\t<div class=\"banner-btn-wrapper\"><div id=\"wd-69f8812a35552\" class=\"  wd-button-wrapper text-center\"><a href=\"https:\/\/okshop.upvision.site\/cs\/portfolio\/zimne-zahrady\/\" title=\"Zimn\u00ed zahrady\" class=\"btn btn-color-white btn-style-link btn-style-rectangle btn-size-default\">DETAIL PRODUKTU<\/a><\/div><\/div>\t\t\t\t\t<\/div>\n\t\t\t\t<\/div>\n\n\t\t\t\t\t\t\t\t\t<a class=\"wd-promo-banner-link wd-fill\" aria-label=\"Banner link\" href=\"https:\/\/okshop.upvision.site\/cs\/portfolio\/zimne-zahrady\/\" title=\"Zimn\u00ed zahrady\"><\/a>\n\t\t\t\t\n\t\t\t\t\t\t\t<\/div>\n\t\t<\/div>\n\n\t\t[\/vc_column_inner][vc_column_inner width=&#8220;1\/3&#8243; css=&#8220;.vc_custom_1614675830472{margin-right: -10px !important;margin-left: -10px !important;}&#8220;]\t\t<div class=\"promo-banner-wrapper  wd-rs-624e99158ba8a \">\n\t\t\t<div id=\"wd-624e99158ba8a\" class=\"promo-banner  banner-mask banner-hover-zoom color-scheme-light banner-btn-size-default banner-btn-style-link  with-btn banner-btn-position-hover wd-with-link wd-underline-colored\">\n\t\t\t\t<div class=\"main-wrapp-img\">\n\t\t\t\t\t<div class=\"banner-image wd-bg-position-center\" >\n\t\t\t\t\t\t<img loading=\"lazy\" decoding=\"async\" width=\"580\" height=\"420\" src=\"https:\/\/okshop.upvision.site\/wp-content\/uploads\/2021\/10\/terasa-okmont-zasklenie-min-scaled-580x420.jpg\" class=\"attachment-580x420 size-580x420\" alt=\"terasa-okmont-zasklenie\" \/>\t\t\t\t\t<\/div>\n\t\t\t\t<\/div>\n\n\t\t\t\t<div class=\"wrapper-content-banner wd-fill  wd-items-middle wd-justify-center\">\n\t\t\t\t\t<div class=\"content-banner  text-center\">\n\t\t\t\t\t\t<h4 class=\"banner-title wd-font-weight- wd-fontsize-xl\">TERASY<\/h4>\t\t\t\t\t\t\n\t\t\t\t\t\t\n\t\t\t\t\t\t<div class=\"banner-btn-wrapper\"><div id=\"wd-69f8812a35a64\" class=\"  wd-button-wrapper text-center\"><a href=\"https:\/\/okshop.upvision.site\/cs\/portfolio\/terasy\/\" title=\"Terasy\" class=\"btn btn-color-white btn-style-link btn-style-rectangle btn-size-default\">DETAIL PRODUKTU<\/a><\/div><\/div>\t\t\t\t\t<\/div>\n\t\t\t\t<\/div>\n\n\t\t\t\t\t\t\t\t\t<a class=\"wd-promo-banner-link wd-fill\" aria-label=\"Banner link\" href=\"https:\/\/okshop.upvision.site\/cs\/portfolio\/terasy\/\" title=\"Terasy\"><\/a>\n\t\t\t\t\n\t\t\t\t\t\t\t<\/div>\n\t\t<\/div>\n\n\t\t[\/vc_column_inner][vc_column_inner width=&#8220;1\/3&#8243; css=&#8220;.vc_custom_1614675844312{margin-right: -10px !important;margin-left: -10px !important;}&#8220;]\t\t<div class=\"promo-banner-wrapper  wd-rs-624e99201ceda \">\n\t\t\t<div id=\"wd-624e99201ceda\" class=\"promo-banner  banner-mask banner-hover-zoom color-scheme-light banner-btn-size-default banner-btn-style-link  with-btn banner-btn-position-hover wd-with-link wd-underline-colored\">\n\t\t\t\t<div class=\"main-wrapp-img\">\n\t\t\t\t\t<div class=\"banner-image wd-bg-position-center\" >\n\t\t\t\t\t\t<img loading=\"lazy\" decoding=\"async\" width=\"580\" height=\"420\" src=\"https:\/\/okshop.upvision.site\/wp-content\/uploads\/2021\/10\/balkon-loggia-okmont-zasklenie-scaled-580x420.jpg\" class=\"attachment-580x420 size-580x420\" alt=\"balkon-loggia-okmont-zasklenie\" \/>\t\t\t\t\t<\/div>\n\t\t\t\t<\/div>\n\n\t\t\t\t<div class=\"wrapper-content-banner wd-fill  wd-items-middle wd-justify-center\">\n\t\t\t\t\t<div class=\"content-banner  text-center\">\n\t\t\t\t\t\t<h4 class=\"banner-title wd-font-weight- wd-fontsize-xl\">BALKONY A LOGGIE<\/h4>\t\t\t\t\t\t\n\t\t\t\t\t\t\n\t\t\t\t\t\t<div class=\"banner-btn-wrapper\"><div id=\"wd-69f8812a35f22\" class=\"  wd-button-wrapper text-center\"><a href=\"https:\/\/okshop.upvision.site\/cs\/portfolio\/balkony-a-loggie\/\" title=\"Balkony a lod\u017eie\" class=\"btn btn-color-white btn-style-link btn-style-rectangle btn-size-default\">DETAIL PRODUKTU<\/a><\/div><\/div>\t\t\t\t\t<\/div>\n\t\t\t\t<\/div>\n\n\t\t\t\t\t\t\t\t\t<a class=\"wd-promo-banner-link wd-fill\" aria-label=\"Banner link\" href=\"https:\/\/okshop.upvision.site\/cs\/portfolio\/balkony-a-loggie\/\" title=\"Balkony a lod\u017eie\"><\/a>\n\t\t\t\t\n\t\t\t\t\t\t\t<\/div>\n\t\t<\/div>\n\n\t\t[\/vc_column_inner][\/vc_row_inner][\/vc_column][\/vc_row][vc_row css=&#8220;.vc_custom_1678719183354{margin-top: 80px !important;padding-top: 15px !important;padding-bottom: 25px !important;background-color: #ed1c24 !important;}&#8220; woodmart_css_id=&#8220;640f38b6ae3d9&#8243; responsive_spacing=&#8220;eyJwYXJhbV90eXBlIjoid29vZG1hcnRfcmVzcG9uc2l2ZV9zcGFjaW5nIiwic2VsZWN0b3JfaWQiOiI2NDBmMzhiNmFlM2Q5Iiwic2hvcnRjb2RlIjoidmNfcm93IiwiZGF0YSI6eyJ0YWJsZXQiOnt9LCJtb2JpbGUiOnt9fX0=&#8220; mobile_bg_img_hidden=&#8220;no&#8220; tablet_bg_img_hidden=&#8220;no&#8220; woodmart_parallax=&#8220;0&#8243; woodmart_gradient_switch=&#8220;no&#8220; woodmart_box_shadow=&#8220;no&#8220; wd_z_index=&#8220;no&#8220; woodmart_disable_overflow=&#8220;0&#8243; row_reverse_mobile=&#8220;0&#8243; row_reverse_tablet=&#8220;0&#8243;][vc_column][vc_row_inner][vc_column_inner width=&#8220;1\/12&#8243;][\/vc_column_inner][vc_column_inner width=&#8220;2\/3&#8243;][vc_custom_heading text=&#8220;PL\u00c1NUJETE SI PO\u0158\u00cdDIT ZIMN\u00cd ZAHRADU?<br \/>\nVY\u017d\u00c1DEJTE SI CENOVOU NAB\u00cdDKU.&#8220; font_container=&#8220;tag:h2|text_align:left|color:%23ffffff&#8220; use_theme_fonts=&#8220;yes&#8220;][\/vc_column_inner][vc_column_inner width=&#8220;1\/4&#8243; css=&#8220;.vc_custom_1614931713713{padding-top: 10px !important;}&#8220;]<div id=\"wd-6256c004312da\" class=\" wd-rs-6256c004312da  wd-button-wrapper text-center\"><a href=\"https:\/\/okshop.upvision.site\/cs\/kontakt\/\" title=\"Footer1(CZ)\" class=\"btn btn-color-white btn-style-default btn-style-rectangle btn-size-extra-large\">Chci nab\u00eddku<\/a><\/div>[\/vc_column_inner][\/vc_row_inner][\/vc_column][\/vc_row][vc_row css=&#8220;.vc_custom_1625565774209{margin-top: 50px !important;}&#8220; mobile_bg_img_hidden=&#8220;no&#8220; tablet_bg_img_hidden=&#8220;no&#8220; woodmart_parallax=&#8220;0&#8243; woodmart_gradient_switch=&#8220;no&#8220; row_reverse_mobile=&#8220;0&#8243; row_reverse_tablet=&#8220;0&#8243; woodmart_disable_overflow=&#8220;0&#8243;][vc_column offset=&#8220;vc_hidden-lg vc_hidden-md vc_hidden-sm&#8220; mobile_bg_img_hidden=&#8220;no&#8220; tablet_bg_img_hidden=&#8220;no&#8220; woodmart_parallax=&#8220;0&#8243; woodmart_sticky_column=&#8220;false&#8220; parallax_scroll=&#8220;no&#8220; mobile_reset_margin=&#8220;no&#8220; tablet_reset_margin=&#8220;no&#8220;][vc_row_inner][vc_column_inner width=&#8220;1\/3&#8243; css=&#8220;.vc_custom_1614680261213{padding-top: 10px !important;}&#8220;]\t\t<div class=\"promo-banner-wrapper  wd-rs-6257d3a6adab4 \">\n\t\t\t<div id=\"wd-6257d3a6adab4\" class=\"promo-banner  banner-mask banner-hover-zoom color-scheme-light banner-btn-size-default banner-btn-style-link  with-btn banner-btn-position-hover wd-with-link wd-underline-colored\">\n\t\t\t\t<div class=\"main-wrapp-img\">\n\t\t\t\t\t<div class=\"banner-image wd-bg-position-center\" >\n\t\t\t\t\t\t<img loading=\"lazy\" decoding=\"async\" width=\"580\" height=\"420\" src=\"https:\/\/okshop.upvision.site\/wp-content\/uploads\/2021\/02\/zimne-terasy-okmont-580x420.jpg\" class=\"attachment-580x420 size-580x420\" alt=\"\" \/>\t\t\t\t\t<\/div>\n\t\t\t\t<\/div>\n\n\t\t\t\t<div class=\"wrapper-content-banner wd-fill  wd-items-middle wd-justify-center\">\n\t\t\t\t\t<div class=\"content-banner  text-center\">\n\t\t\t\t\t\t<h4 class=\"banner-title wd-font-weight- wd-fontsize-xl\">ZIMN\u00cd ZAHRADY<\/h4>\t\t\t\t\t\t\n\t\t\t\t\t\t\n\t\t\t\t\t\t<div class=\"banner-btn-wrapper\"><div id=\"wd-69f8812a363ea\" class=\"  wd-button-wrapper text-center\"><a href=\"\/portfolio\/zimne-zahrady\/\" title=\"\" class=\"btn btn-color-white btn-style-link btn-style-rectangle btn-size-default\">DETAIL PRODUKTU<\/a><\/div><\/div>\t\t\t\t\t<\/div>\n\t\t\t\t<\/div>\n\n\t\t\t\t\t\t\t\t\t<a class=\"wd-promo-banner-link wd-fill\" aria-label=\"Banner link\" href=\"\/portfolio\/zimne-zahrady\/\" title=\"\"><\/a>\n\t\t\t\t\n\t\t\t\t\t\t\t<\/div>\n\t\t<\/div>\n\n\t\t[\/vc_column_inner][vc_column_inner width=&#8220;1\/3&#8243; css=&#8220;.vc_custom_1614680267403{padding-top: 10px !important;}&#8220;]\t\t<div class=\"promo-banner-wrapper  wd-rs-603caa970a6f8 \">\n\t\t\t<div id=\"wd-603caa970a6f8\" class=\"promo-banner  banner-mask banner-hover-zoom color-scheme-light banner-btn-size-default banner-btn-style-link  with-btn banner-btn-position-hover wd-with-link wd-underline-colored\">\n\t\t\t\t<div class=\"main-wrapp-img\">\n\t\t\t\t\t<div class=\"banner-image wd-bg-position-center\" >\n\t\t\t\t\t\t<img loading=\"lazy\" decoding=\"async\" width=\"580\" height=\"420\" src=\"https:\/\/okshop.upvision.site\/wp-content\/uploads\/2021\/03\/77b734a0-11f7-41b8-96b8-abc2fc5de467-580x420.jpg\" class=\"attachment-580x420 size-580x420\" alt=\"\" \/>\t\t\t\t\t<\/div>\n\t\t\t\t<\/div>\n\n\t\t\t\t<div class=\"wrapper-content-banner wd-fill  wd-items-middle wd-justify-center\">\n\t\t\t\t\t<div class=\"content-banner  text-center\">\n\t\t\t\t\t\t<h4 class=\"banner-title wd-font-weight- wd-fontsize-xl\">TERASY<\/h4>\t\t\t\t\t\t\n\t\t\t\t\t\t\n\t\t\t\t\t\t<div class=\"banner-btn-wrapper\"><div id=\"wd-69f8812a36912\" class=\"  wd-button-wrapper text-center\"><a href=\"\/portfolio\/terasy\" title=\"\" class=\"btn btn-color-white btn-style-link btn-style-rectangle btn-size-default\">DETAIL PRODUKTU<\/a><\/div><\/div>\t\t\t\t\t<\/div>\n\t\t\t\t<\/div>\n\n\t\t\t\t\t\t\t\t\t<a class=\"wd-promo-banner-link wd-fill\" aria-label=\"Banner link\" href=\"\/portfolio\/terasy\" title=\"\"><\/a>\n\t\t\t\t\n\t\t\t\t\t\t\t<\/div>\n\t\t<\/div>\n\n\t\t[\/vc_column_inner][vc_column_inner width=&#8220;1\/3&#8243; css=&#8220;.vc_custom_1614680273024{padding-top: 10px !important;}&#8220;]\t\t<div class=\"promo-banner-wrapper  wd-rs-6257d3bab83cb \">\n\t\t\t<div id=\"wd-6257d3bab83cb\" class=\"promo-banner  banner-mask banner-hover-zoom color-scheme-light banner-btn-size-default banner-btn-style-link  with-btn banner-btn-position-hover wd-with-link wd-underline-colored\">\n\t\t\t\t<div class=\"main-wrapp-img\">\n\t\t\t\t\t<div class=\"banner-image wd-bg-position-center\" >\n\t\t\t\t\t\t<img loading=\"lazy\" decoding=\"async\" width=\"580\" height=\"420\" src=\"https:\/\/okshop.upvision.site\/wp-content\/uploads\/2021\/02\/zasklenie-balkonov-okmont-580x420.jpg\" class=\"attachment-580x420 size-580x420\" alt=\"\" \/>\t\t\t\t\t<\/div>\n\t\t\t\t<\/div>\n\n\t\t\t\t<div class=\"wrapper-content-banner wd-fill  wd-items-middle wd-justify-center\">\n\t\t\t\t\t<div class=\"content-banner  text-center\">\n\t\t\t\t\t\t<h4 class=\"banner-title wd-font-weight- wd-fontsize-xl\">BALKONY A LOGGIE<\/h4>\t\t\t\t\t\t\n\t\t\t\t\t\t\n\t\t\t\t\t\t<div class=\"banner-btn-wrapper\"><div id=\"wd-69f8812a36da3\" class=\"  wd-button-wrapper text-center\"><a href=\"\/portfolio\/zasklenia-logii-a-balkonov\" title=\"\" class=\"btn btn-color-white btn-style-link btn-style-rectangle btn-size-default\">DETAIL PRODUKTU<\/a><\/div><\/div>\t\t\t\t\t<\/div>\n\t\t\t\t<\/div>\n\n\t\t\t\t\t\t\t\t\t<a class=\"wd-promo-banner-link wd-fill\" aria-label=\"Banner link\" href=\"\/portfolio\/zasklenia-logii-a-balkonov\" title=\"\"><\/a>\n\t\t\t\t\n\t\t\t\t\t\t\t<\/div>\n\t\t<\/div>\n\n\t\t[\/vc_column_inner][\/vc_row_inner][vc_row_inner][vc_column_inner width=&#8220;1\/3&#8243; css=&#8220;.vc_custom_1614680280713{padding-top: 10px !important;}&#8220;]\t\t<div class=\"promo-banner-wrapper  wd-rs-6257d3edae5ac \">\n\t\t\t<div id=\"wd-6257d3edae5ac\" class=\"promo-banner  banner-mask banner-hover-zoom color-scheme-light banner-btn-size-default banner-btn-style-link  with-btn banner-btn-position-hover wd-with-link wd-underline-colored\">\n\t\t\t\t<div class=\"main-wrapp-img\">\n\t\t\t\t\t<div class=\"banner-image wd-bg-position-center\" >\n\t\t\t\t\t\t<img loading=\"lazy\" decoding=\"async\" width=\"580\" height=\"420\" src=\"https:\/\/okshop.upvision.site\/wp-content\/uploads\/2021\/03\/ab8265fa-ee61-49f4-9d77-b9697da10976-580x420.jpg\" class=\"attachment-580x420 size-580x420\" alt=\"\" \/>\t\t\t\t\t<\/div>\n\t\t\t\t<\/div>\n\n\t\t\t\t<div class=\"wrapper-content-banner wd-fill  wd-items-middle wd-justify-center\">\n\t\t\t\t\t<div class=\"content-banner  text-center\">\n\t\t\t\t\t\t<h4 class=\"banner-title wd-font-weight- wd-fontsize-xxl\">PERGOLY A P\u0158\u00cdST\u0158E\u0160KY<\/h4>\t\t\t\t\t\t\n\t\t\t\t\t\t\n\t\t\t\t\t\t<div class=\"banner-btn-wrapper\"><div id=\"wd-69f8812a37222\" class=\"  wd-button-wrapper text-center\"><a href=\"\/portfolio\/pergoly-a-pristresky\/\" title=\"\" class=\"btn btn-color-white btn-style-link btn-style-rectangle btn-size-default\">DETAIL PRODUKTU<\/a><\/div><\/div>\t\t\t\t\t<\/div>\n\t\t\t\t<\/div>\n\n\t\t\t\t\t\t\t\t\t<a class=\"wd-promo-banner-link wd-fill\" aria-label=\"Banner link\" href=\"\/portfolio\/pergoly-a-pristresky\/\" title=\"\"><\/a>\n\t\t\t\t\n\t\t\t\t\t\t\t<\/div>\n\t\t<\/div>\n\n\t\t[\/vc_column_inner][vc_column_inner width=&#8220;1\/3&#8243; css=&#8220;.vc_custom_1614680287486{padding-top: 10px !important;}&#8220;]\t\t<div class=\"promo-banner-wrapper  wd-rs-6257d3de9ce12 \">\n\t\t\t<div id=\"wd-6257d3de9ce12\" class=\"promo-banner  banner-mask banner-hover-zoom color-scheme-light banner-btn-size-default banner-btn-style-link  with-btn banner-btn-position-hover wd-with-link wd-underline-colored\">\n\t\t\t\t<div class=\"main-wrapp-img\">\n\t\t\t\t\t<div class=\"banner-image wd-bg-position-center\" >\n\t\t\t\t\t\t<img loading=\"lazy\" decoding=\"async\" width=\"580\" height=\"420\" src=\"https:\/\/okshop.upvision.site\/wp-content\/uploads\/2021\/03\/IMG_5441-580x420.jpg\" class=\"attachment-580x420 size-580x420\" alt=\"\" \/>\t\t\t\t\t<\/div>\n\t\t\t\t<\/div>\n\n\t\t\t\t<div class=\"wrapper-content-banner wd-fill  wd-items-middle wd-justify-center\">\n\t\t\t\t\t<div class=\"content-banner  text-center\">\n\t\t\t\t\t\t<h4 class=\"banner-title wd-font-weight- wd-fontsize-xxl\">HLIN\u00cdKOV\u00c9 DVE\u0158E<\/h4>\t\t\t\t\t\t\n\t\t\t\t\t\t\n\t\t\t\t\t\t<div class=\"banner-btn-wrapper\"><div id=\"wd-69f8812a37668\" class=\"  wd-button-wrapper text-center\"><a href=\"\/portfolio\/hlinikove-okna-a-dvere\" title=\"\" class=\"btn btn-color-white btn-style-link btn-style-rectangle btn-size-default\">DETAIL PRODUKTU<\/a><\/div><\/div>\t\t\t\t\t<\/div>\n\t\t\t\t<\/div>\n\n\t\t\t\t\t\t\t\t\t<a class=\"wd-promo-banner-link wd-fill\" aria-label=\"Banner link\" href=\"\/portfolio\/hlinikove-okna-a-dvere\" title=\"\"><\/a>\n\t\t\t\t\n\t\t\t\t\t\t\t<\/div>\n\t\t<\/div>\n\n\t\t[\/vc_column_inner][vc_column_inner width=&#8220;1\/3&#8243; css=&#8220;.vc_custom_1614680293534{padding-top: 10px !important;}&#8220;]\t\t<div class=\"promo-banner-wrapper  wd-rs-6257d3cfaebf9 \">\n\t\t\t<div id=\"wd-6257d3cfaebf9\" class=\"promo-banner  banner-mask banner-hover-zoom color-scheme-light banner-btn-size-default banner-btn-style-link  with-btn banner-btn-position-hover wd-with-link wd-underline-colored\">\n\t\t\t\t<div class=\"main-wrapp-img\">\n\t\t\t\t\t<div class=\"banner-image wd-bg-position-center\" >\n\t\t\t\t\t\t<img loading=\"lazy\" decoding=\"async\" width=\"580\" height=\"420\" src=\"https:\/\/okshop.upvision.site\/wp-content\/uploads\/2021\/02\/terasy2-580x420.jpg\" class=\"attachment-580x420 size-580x420\" alt=\"\" \/>\t\t\t\t\t<\/div>\n\t\t\t\t<\/div>\n\n\t\t\t\t<div class=\"wrapper-content-banner wd-fill  wd-items-middle wd-justify-center\">\n\t\t\t\t\t<div class=\"content-banner  text-center\">\n\t\t\t\t\t\t<h4 class=\"banner-title wd-font-weight- wd-fontsize-xxl\">HLIN\u00cdKOV\u00c1 OKNA<\/h4>\t\t\t\t\t\t\n\t\t\t\t\t\t\n\t\t\t\t\t\t<div class=\"banner-btn-wrapper\"><div id=\"wd-69f8812a37adc\" class=\"  wd-button-wrapper text-center\"><a href=\"\/portfolio\/hlinikove-okna\/\" title=\"Hlin\u00edkov\u00e9 okn\u00e1\" class=\"btn btn-color-white btn-style-link btn-style-rectangle btn-size-default\">DETAIL PRODUKTU<\/a><\/div><\/div>\t\t\t\t\t<\/div>\n\t\t\t\t<\/div>\n\n\t\t\t\t\t\t\t\t\t<a class=\"wd-promo-banner-link wd-fill\" aria-label=\"Banner link\" href=\"\/portfolio\/hlinikove-okna\/\" title=\"Hlin\u00edkov\u00e9 okn\u00e1\"><\/a>\n\t\t\t\t\n\t\t\t\t\t\t\t<\/div>\n\t\t<\/div>\n\n\t\t[\/vc_column_inner][\/vc_row_inner][\/vc_column][\/vc_row][vc_column css=&#8220;.vc_custom_1512382348537{margin-bottom: 4vh !important;padding-top: 0px !important;}&#8220; offset=&#8220;vc_col-md-6&#8243;][\/vc_column]<\/p>\n<\/div>","protected":false},"excerpt":{"rendered":"<p>[vc_row][vc_column][vc_column_text woodmart_inline=&#8220;no&#8220; text_larger=&#8220;no&#8220;]Lorem ipsum dolor sit amet, consectetur adipiscing elit, sed do eiusmod tempor incididunt ut labore et dolore magna<\/p>\n","protected":false},"author":5,"featured_media":0,"parent":0,"menu_order":0,"comment_status":"closed","ping_status":"closed","template":"","meta":{"footnotes":""},"_links":{"self":[{"href":"https:\/\/okshop.upvision.site\/cs\/wp-json\/wp\/v2\/pages\/5478"}],"collection":[{"href":"https:\/\/okshop.upvision.site\/cs\/wp-json\/wp\/v2\/pages"}],"about":[{"href":"https:\/\/okshop.upvision.site\/cs\/wp-json\/wp\/v2\/types\/page"}],"author":[{"embeddable":true,"href":"https:\/\/okshop.upvision.site\/cs\/wp-json\/wp\/v2\/users\/5"}],"replies":[{"embeddable":true,"href":"https:\/\/okshop.upvision.site\/cs\/wp-json\/wp\/v2\/comments?post=5478"}],"version-history":[{"count":5,"href":"https:\/\/okshop.upvision.site\/cs\/wp-json\/wp\/v2\/pages\/5478\/revisions"}],"predecessor-version":[{"id":6286,"href":"https:\/\/okshop.upvision.site\/cs\/wp-json\/wp\/v2\/pages\/5478\/revisions\/6286"}],"wp:attachment":[{"href":"https:\/\/okshop.upvision.site\/cs\/wp-json\/wp\/v2\/media?parent=5478"}],"curies":[{"name":"wp","href":"https:\/\/api.w.org\/{rel}","templated":true}]}}