{"id":5484,"date":"2022-04-06T09:00:50","date_gmt":"2022-04-06T07:00:50","guid":{"rendered":"https:\/\/okshop.upvision.site\/?page_id=5484"},"modified":"2022-04-13T10:27:01","modified_gmt":"2022-04-13T08:27:01","slug":"privacy-policy","status":"publish","type":"page","link":"https:\/\/okshop.upvision.site\/cs\/privacy-policy\/","title":{"rendered":"Privacy policy"},"content":{"rendered":"<p>1. <strong>Identifik\u00e1cia Prev\u00e1dzkovate\u013ea a\u00a0v\u0161eobecn\u00e9 inform\u00e1cie<\/strong><\/p>\n<p>Obchodn\u00e1 spolo\u010dnos\u0165 <strong>OK mont Europe s.r.o.<\/strong>, so s\u00eddlom Kop\u010dansk\u00e1 35, 908 51, Hol\u00ed\u010d, I\u010cO: 513 370 53, zap\u00edsan\u00e1 obchodn\u00fd register Okresn\u00e9ho s\u00fadu Trnava, oddiel: Sro, vlo\u017eka \u010d. 41724\/T (\u010falej ako \u201e<strong><em>Prev\u00e1dzkovate\u013e<\/em><\/strong>\u201c) vyu\u017e\u00edva na svojej webovej str\u00e1nke www.okmont.sk (\u010falej ako \u201e<strong><em>webov\u00e1 str\u00e1nka<\/em><\/strong>\u201c) s\u00fabory cookies.<\/p>\n<p>Cookies s\u00fa mal\u00e9 textov\u00e9 s\u00fabory, ktor\u00e9 si na pr\u00edkaz webovej str\u00e1nky webov\u00fd prehliada\u010d m\u00f4\u017ee uklada\u0165 do V\u00e1\u0161ho zariadenia pri n\u00e1v\u0161teve webovej str\u00e1nky. Sl\u00fa\u017eia na zabezpe\u010denie funk\u010dnosti niektor\u00fdch prvkov webovej str\u00e1nky alebo napr. na to, aby webov\u00e9 str\u00e1nky mohli lep\u0161ie zaznamen\u00e1va\u0165 n\u00e1v\u0161tevnos\u0165 na webovej str\u00e1nke.<\/p>\n<ol start=\"2\">\n<li><strong>Druhy s\u00faborov cookies na webovej str\u00e1nke <\/strong><\/li>\n<\/ol>\n<p>Na webovej str\u00e1nke vyu\u017e\u00edva Prev\u00e1dzkovate\u013e nasleduj\u00face druhy cookie s\u00faborov:<\/p>\n<ul>\n<li><span style=\"color: #808080;\"><strong>funk\u010dn\u00e9 (nevyhnutn\u00e9) cookie s\u00fabory<\/strong>, ktor\u00e9 sl\u00fa\u017eia na zabezpe\u010denie z\u00e1kladnej funkcionality niektor\u00fdch prvkov a funkci\u00ed webovej str\u00e1nky a\u00a0v\u00a0pr\u00edpade, ak by ich Prev\u00e1dzkovate\u013e nevyu\u017e\u00edval, niektor\u00e9 funkcie webovej str\u00e1nky by sa V\u00e1m nezobrazovali spr\u00e1vne,<\/span><\/li>\n<li><span style=\"color: #808080;\"><strong>analytick\u00e9 cookie s\u00fabory, <\/strong>ktor\u00e9 sl\u00fa\u017eia na meranie n\u00e1v\u0161tevnosti webovej str\u00e1nky a\u00a0aktivity n\u00e1v\u0161tevn\u00edkov na webovej str\u00e1nke,<\/span><\/li>\n<li><span style=\"color: #808080;\"><strong>marketingov\u00e9 cookie subory<\/strong>, ktor\u00e9 sl\u00fa\u017eia na zis\u0165ovanie Va\u0161ich preferenci\u00ed a\u00a0personaliz\u00e1ciu rekl\u00e1m vo webov\u00fdch prehliada\u010doch a\u00a0na soci\u00e1lnych sie\u0165ach.<\/span><\/li>\n<\/ul>\n<p>&nbsp;<\/p>\n<p>V\u00a0zmysle platnej legislat\u00edvy je Prev\u00e1dzkovate\u013e opr\u00e1vnen\u00fd uklada\u0165 funk\u010dn\u00e9 (nevyhnutn\u00e9) druhy cookie s\u00faborov do V\u00e1\u0161ho zariadenia bez V\u00e1\u0161ho s\u00fahlasu. <strong>Vyu\u017e\u00edvanie funk\u010dn\u00fdch cookie s\u00faborov m\u00f4\u017eete vypn\u00fa\u0165 prostredn\u00edctvom nastaven\u00ed V\u00e1\u0161ho prehliada\u010da<\/strong>. V\u00a0takom pr\u00edpade sa V\u00e1m v\u0161ak niektor\u00e9 funkcie webovej str\u00e1nky nebud\u00fa zobrazova\u0165 spr\u00e1vne.<\/p>\n<p>Ostatn\u00e9 druhy cookie s\u00faborov (<u>analytick\u00e9 a marketingov\u00e9<\/u>) <strong>uklad\u00e1 Prev\u00e1dzkovate\u013e do V\u00e1\u0161ho zariadenia iba vtedy, ak mu na ich pou\u017e\u00edvanie udel\u00edte prostredn\u00edctvom cookie li\u0161ty, nach\u00e1dzaj\u00facej sa v\u00a0spodnej \u010dasti webovej str\u00e1nky, svoj s\u00fahlas. V\u00a0pr\u00edpade, ak Prev\u00e1dzkovate\u013eovi neudel\u00edte s\u00fahlas s\u00a0ukladan\u00edm analytick\u00fdch a\u00a0marketingov\u00fdch cookie s\u00faborov, bude Prev\u00e1dzkovate\u013e uklada\u0165 do V\u00e1\u0161ho zariadenia iba funk\u010dn\u00e9 (nevyhnutn\u00e9) druhy s\u00faborov cookies. <\/strong><\/p>\n<p>Svoj s\u00fahlas s\u00a0ukladan\u00edm s\u00faborov cookies do V\u00e1\u0161ho zariadenia m\u00f4\u017eete odvola\u0165 alebo zmeni\u0165 prostredn\u00edctvom cookie li\u0161ty, nach\u00e1dzaj\u00facej sa v\u00a0spodnej \u010dasti webovej str\u00e1nky.<\/p>\n<p>Bli\u017e\u0161ie inform\u00e1cie o\u00a0jednotliv\u00fdch druhoch cookies s\u00faborov n\u00e1jdete v\u00a0nasleduj\u00facej tabu\u013eke: <strong>\u00a0<\/strong><\/p>\n<table style=\"width: 92.5176%;\" width=\"604\">\n<tbody>\n<tr>\n<td style=\"width: 18.3926%;\" width=\"94\"><strong>Druh cookie s\u00faboru<\/strong><strong>\u00a0<\/strong><\/td>\n<td style=\"width: 21.2181%;\" width=\"161\"><strong>N\u00e1zov<\/strong><strong>\u00a0<\/strong><\/td>\n<td style=\"width: 31.7461%;\" width=\"159\"><strong>\u00da\u010del<\/strong><strong>\u00a0<\/strong><\/td>\n<td style=\"width: 11.0235%;\" width=\"86\"><strong>Spolo\u010dnos\u0165 \/ slu\u017eba, ktor\u00e1 cookies uklad\u00e1<\/strong><strong>\u00a0<\/strong><\/td>\n<td style=\"width: 90.1173%;\" width=\"103\"><strong>\u00a0Doba expir\u00e1cie vo Va\u0161om zariaden\u00ed<\/strong><\/td>\n<\/tr>\n<tr>\n<td style=\"width: 18.3926%;\" rowspan=\"14\" width=\"94\"><strong>Funk\u010dn\u00e9 (nevyhnutn\u00e9)<\/strong><\/td>\n<td style=\"width: 21.2181%;\" width=\"161\"><strong>cookielawinfo-checkbox-necessary<\/strong><\/td>\n<td style=\"width: 31.7461%;\" width=\"159\">Ur\u010duje, \u010di n\u00e1v\u0161tevn\u00edk udelil s\u00fahlas s ukladan\u00edm s\u00faborov cookies.<\/td>\n<td style=\"width: 11.0235%;\" width=\"86\">okmont.sk<\/td>\n<td style=\"width: 90.1173%;\" width=\"103\">1 rok<\/td>\n<\/tr>\n<tr>\n<td style=\"width: 21.2181%;\" width=\"161\"><strong>cookielawinfo-checkbox-non-necessary<\/strong><\/td>\n<td style=\"width: 31.7461%;\" width=\"159\">Ur\u010duje, \u010di n\u00e1v\u0161tevn\u00edk udelil s\u00fahlas s ukladan\u00edm s\u00faborov cookies.<\/td>\n<td style=\"width: 11.0235%;\" width=\"86\">okmont.sk<\/td>\n<td style=\"width: 90.1173%;\" width=\"103\">1 rok<\/td>\n<\/tr>\n<tr>\n<td style=\"width: 21.2181%;\" width=\"161\"><strong>t3D<\/strong><\/td>\n<td style=\"width: 31.7461%;\" width=\"159\">Tento s\u00fabor cookie je s\u00fa\u010das\u0165ou s\u00faboru cookies, ktor\u00e9 sl\u00fa\u017eia na doru\u010dovanie a prezent\u00e1ciu obsahu. S\u00fabory cookie zachov\u00e1vaj\u00fa spr\u00e1vny stav p\u00edsma, pos\u00fava\u010dov blogov \/ obr\u00e1zkov, farebn\u00fdch mot\u00edvov a \u010fal\u0161\u00edch nastaven\u00ed webovej str\u00e1nky.<\/td>\n<td style=\"width: 11.0235%;\" width=\"86\">okmont.sk<\/td>\n<td style=\"width: 90.1173%;\" width=\"103\">Perzistentn\u00e1 (do manu\u00e1lneho vymazania)<\/td>\n<\/tr>\n<tr>\n<td style=\"width: 21.2181%;\" width=\"161\"><strong>tADe<\/strong><\/td>\n<td style=\"width: 31.7461%;\" width=\"159\">Tento s\u00fabor cookie je s\u00fa\u010das\u0165ou s\u00faboru cookies, ktor\u00e9 sl\u00fa\u017eia na doru\u010dovanie a prezent\u00e1ciu obsahu. S\u00fabory cookie zachov\u00e1vaj\u00fa spr\u00e1vny stav p\u00edsma, pos\u00fava\u010dov blogov \/ obr\u00e1zkov, farebn\u00fdch mot\u00edvov a \u010fal\u0161\u00edch nastaven\u00ed webovej str\u00e1nky.<\/td>\n<td style=\"width: 11.0235%;\" width=\"86\">okmont.sk<\/td>\n<td style=\"width: 90.1173%;\" width=\"103\">Perzistentn\u00e1 (do manu\u00e1lneho vymazania)<\/td>\n<\/tr>\n<tr>\n<td style=\"width: 21.2181%;\" width=\"161\"><strong>tADu<\/strong><\/td>\n<td style=\"width: 31.7461%;\" width=\"159\">Tento s\u00fabor cookie je s\u00fa\u010das\u0165ou s\u00faboru cookies, ktor\u00e9 sl\u00fa\u017eia na doru\u010dovanie a prezent\u00e1ciu obsahu. S\u00fabory cookie zachov\u00e1vaj\u00fa spr\u00e1vny stav p\u00edsma, pos\u00fava\u010dov blogov \/ obr\u00e1zkov, farebn\u00fdch mot\u00edvov a \u010fal\u0161\u00edch nastaven\u00ed webovej str\u00e1nky.<\/td>\n<td style=\"width: 11.0235%;\" width=\"86\">okmont.sk<\/td>\n<td style=\"width: 90.1173%;\" width=\"103\">Perzistentn\u00e1 (do manu\u00e1lneho vymazania)<\/td>\n<\/tr>\n<tr>\n<td style=\"width: 21.2181%;\" width=\"161\"><strong>tAE<\/strong><\/td>\n<td style=\"width: 31.7461%;\" width=\"159\">Tento s\u00fabor cookie je s\u00fa\u010das\u0165ou s\u00faboru cookies, ktor\u00e9 sl\u00fa\u017eia na doru\u010dovanie a prezent\u00e1ciu obsahu. S\u00fabory cookie zachov\u00e1vaj\u00fa spr\u00e1vny stav p\u00edsma, pos\u00fava\u010dov blogov \/ obr\u00e1zkov, farebn\u00fdch mot\u00edvov a \u010fal\u0161\u00edch nastaven\u00ed webovej str\u00e1nky.<\/td>\n<td style=\"width: 11.0235%;\" width=\"86\">okmont.sk<\/td>\n<td style=\"width: 90.1173%;\" width=\"103\">Perzistentn\u00e1 (do manu\u00e1lneho vymazania)<\/td>\n<\/tr>\n<tr>\n<td style=\"width: 21.2181%;\" width=\"161\"><strong>tC<\/strong><\/td>\n<td style=\"width: 31.7461%;\" width=\"159\">Tento s\u00fabor cookie je s\u00fa\u010das\u0165ou s\u00faboru cookies, ktor\u00e9 sl\u00fa\u017eia na doru\u010dovanie a prezent\u00e1ciu obsahu. S\u00fabory cookie zachov\u00e1vaj\u00fa spr\u00e1vny stav p\u00edsma, pos\u00fava\u010dov blogov \/ obr\u00e1zkov, farebn\u00fdch mot\u00edvov a \u010fal\u0161\u00edch nastaven\u00ed webovej str\u00e1nky.<\/td>\n<td style=\"width: 11.0235%;\" width=\"86\">okmont.sk<\/td>\n<td style=\"width: 90.1173%;\" width=\"103\">Perzistentn\u00e1 (do manu\u00e1lneho vymazania)<\/td>\n<\/tr>\n<tr>\n<td style=\"width: 21.2181%;\" width=\"161\"><strong>tMQ<\/strong><\/td>\n<td style=\"width: 31.7461%;\" width=\"159\">Tento s\u00fabor cookie je s\u00fa\u010das\u0165ou s\u00faboru cookies, ktor\u00e9 sl\u00fa\u017eia na doru\u010dovanie a prezent\u00e1ciu obsahu. S\u00fabory cookie zachov\u00e1vaj\u00fa spr\u00e1vny stav p\u00edsma, pos\u00fava\u010dov blogov \/ obr\u00e1zkov, farebn\u00fdch mot\u00edvov a \u010fal\u0161\u00edch nastaven\u00ed webovej str\u00e1nky.<\/td>\n<td style=\"width: 11.0235%;\" width=\"86\">okmont.sk<\/td>\n<td style=\"width: 90.1173%;\" width=\"103\">Perzistentn\u00e1 (do manu\u00e1lneho vymazania)<\/td>\n<\/tr>\n<tr>\n<td style=\"width: 21.2181%;\" width=\"161\"><strong>tnsApp<\/strong><\/td>\n<td style=\"width: 31.7461%;\" width=\"159\">Tento s\u00fabor cookie je s\u00fa\u010das\u0165ou s\u00faboru cookies, ktor\u00e9 sl\u00fa\u017eia na doru\u010dovanie a prezent\u00e1ciu obsahu. S\u00fabory cookie zachov\u00e1vaj\u00fa spr\u00e1vny stav p\u00edsma, pos\u00fava\u010dov blogov \/ obr\u00e1zkov, farebn\u00fdch mot\u00edvov a \u010fal\u0161\u00edch nastaven\u00ed webovej str\u00e1nky.<\/td>\n<td style=\"width: 11.0235%;\" width=\"86\">okmont.sk<\/td>\n<td style=\"width: 90.1173%;\" width=\"103\">Perzistentn\u00e1 (do manu\u00e1lneho vymazania)<\/td>\n<\/tr>\n<tr>\n<td style=\"width: 21.2181%;\" width=\"161\"><strong>tPL<\/strong><\/td>\n<td style=\"width: 31.7461%;\" width=\"159\">Tento s\u00fabor cookie je s\u00fa\u010das\u0165ou s\u00faboru cookies, ktor\u00e9 sl\u00fa\u017eia na doru\u010dovanie a prezent\u00e1ciu obsahu. S\u00fabory cookie zachov\u00e1vaj\u00fa spr\u00e1vny stav p\u00edsma, pos\u00fava\u010dov blogov \/ obr\u00e1zkov, farebn\u00fdch mot\u00edvov a \u010fal\u0161\u00edch nastaven\u00ed webovej str\u00e1nky.<\/td>\n<td style=\"width: 11.0235%;\" width=\"86\">okmont.sk<\/td>\n<td style=\"width: 90.1173%;\" width=\"103\">Perzistentn\u00e1 (do manu\u00e1lneho vymazania)<\/td>\n<\/tr>\n<tr>\n<td style=\"width: 21.2181%;\" width=\"161\"><strong>tTDe<\/strong><\/td>\n<td style=\"width: 31.7461%;\" width=\"159\">Tento s\u00fabor cookie je s\u00fa\u010das\u0165ou s\u00faboru cookies, ktor\u00e9 sl\u00fa\u017eia na doru\u010dovanie a prezent\u00e1ciu obsahu. S\u00fabory cookie zachov\u00e1vaj\u00fa spr\u00e1vny stav p\u00edsma, pos\u00fava\u010dov blogov \/ obr\u00e1zkov, farebn\u00fdch mot\u00edvov a \u010fal\u0161\u00edch nastaven\u00ed webovej str\u00e1nky.<\/td>\n<td style=\"width: 11.0235%;\" width=\"86\">okmont.sk<\/td>\n<td style=\"width: 90.1173%;\" width=\"103\">Perzistentn\u00e1 (do manu\u00e1lneho vymazania)<\/td>\n<\/tr>\n<tr>\n<td style=\"width: 21.2181%;\" width=\"161\"><strong>tTDu<\/strong><\/td>\n<td style=\"width: 31.7461%;\" width=\"159\">Tento s\u00fabor cookie je s\u00fa\u010das\u0165ou s\u00faboru cookies, ktor\u00e9 sl\u00fa\u017eia na doru\u010dovanie a prezent\u00e1ciu obsahu. S\u00fabory cookie zachov\u00e1vaj\u00fa spr\u00e1vny stav p\u00edsma, pos\u00fava\u010dov blogov \/ obr\u00e1zkov, farebn\u00fdch mot\u00edvov a \u010fal\u0161\u00edch nastaven\u00ed webovej str\u00e1nky.<\/td>\n<td style=\"width: 11.0235%;\" width=\"86\">okmont.sk<\/td>\n<td style=\"width: 90.1173%;\" width=\"103\">Perzistentn\u00e1 (do manu\u00e1lneho vymazania)<\/td>\n<\/tr>\n<tr>\n<td style=\"width: 21.2181%;\" width=\"161\"><strong>tTE<\/strong><\/td>\n<td style=\"width: 31.7461%;\" width=\"159\">Tento s\u00fabor cookie je s\u00fa\u010das\u0165ou s\u00faboru cookies, ktor\u00e9 sl\u00fa\u017eia na doru\u010dovanie a prezent\u00e1ciu obsahu. S\u00fabory cookie zachov\u00e1vaj\u00fa spr\u00e1vny stav p\u00edsma, pos\u00fava\u010dov blogov \/ obr\u00e1zkov, farebn\u00fdch mot\u00edvov a \u010fal\u0161\u00edch nastaven\u00ed webovej str\u00e1nky.<\/td>\n<td style=\"width: 11.0235%;\" width=\"86\">okmont.sk<\/td>\n<td style=\"width: 90.1173%;\" width=\"103\">Perzistentn\u00e1 (do manu\u00e1lneho vymazania)<\/td>\n<\/tr>\n<tr>\n<td style=\"width: 21.2181%;\" width=\"161\"><strong>tTf<\/strong><\/td>\n<td style=\"width: 31.7461%;\" width=\"159\">Tento s\u00fabor cookie je s\u00fa\u010das\u0165ou s\u00faboru cookies, ktor\u00e9 sl\u00fa\u017eia na doru\u010dovanie a prezent\u00e1ciu obsahu. S\u00fabory cookie zachov\u00e1vaj\u00fa spr\u00e1vny stav p\u00edsma, pos\u00fava\u010dov blogov \/ obr\u00e1zkov, farebn\u00fdch mot\u00edvov a \u010fal\u0161\u00edch nastaven\u00ed webovej str\u00e1nky.<\/td>\n<td style=\"width: 11.0235%;\" width=\"86\">okmont.sk<\/td>\n<td style=\"width: 90.1173%;\" width=\"103\">Perzistentn\u00e1 (do manu\u00e1lneho vymazania)<\/td>\n<\/tr>\n<tr>\n<td style=\"width: 18.3926%;\" rowspan=\"3\" width=\"94\"><strong>Analytick\u00e9<\/strong><\/td>\n<td style=\"width: 21.2181%;\" width=\"161\"><strong>_ga<\/strong><\/td>\n<td style=\"width: 31.7461%;\" width=\"159\">Zaregistruje jedine\u010dn\u00e9 ID, ktor\u00e9 sa pou\u017e\u00edva na generovanie \u0161tatistick\u00fdch \u00fadajov o tom, ako n\u00e1v\u0161tevn\u00edk pou\u017e\u00edva webov\u00fa str\u00e1nku<\/td>\n<td style=\"width: 11.0235%;\" width=\"86\">okmont.sk<\/td>\n<td style=\"width: 90.1173%;\" width=\"103\">2 roky<\/td>\n<\/tr>\n<tr>\n<td style=\"width: 21.2181%;\" width=\"161\"><strong>_gat<\/strong><\/td>\n<td style=\"width: 31.7461%;\" width=\"159\">Pou\u017e\u00edva sa v slu\u017ebe Google Analytics na obmedzenie r\u00fdchlosti jednotliv\u00fdch \u017eiadost\u00ed<\/td>\n<td style=\"width: 11.0235%;\" width=\"86\">okmont.sk<\/td>\n<td style=\"width: 90.1173%;\" width=\"103\">1 de\u0148<\/td>\n<\/tr>\n<tr>\n<td style=\"width: 21.2181%;\" width=\"161\"><strong>_gid<\/strong><\/td>\n<td style=\"width: 31.7461%;\" width=\"159\">Zaregistruje jedine\u010dn\u00e9 ID, ktor\u00e9 sa pou\u017e\u00edva na generovanie \u0161tatistick\u00fdch \u00fadajov o tom, ako n\u00e1v\u0161tevn\u00edk pou\u017e\u00edva webov\u00fa str\u00e1nku<\/td>\n<td style=\"width: 11.0235%;\" width=\"86\">okmont.sk<\/td>\n<td style=\"width: 90.1173%;\" width=\"103\">1 de\u0148<\/td>\n<\/tr>\n<tr>\n<td style=\"width: 18.3926%;\" rowspan=\"12\" width=\"94\"><strong>Marketingov\u00e9<\/strong><\/td>\n<td style=\"width: 21.2181%;\" width=\"161\"><strong>IDE<\/strong><\/td>\n<td style=\"width: 31.7461%;\" width=\"159\">T\u00fato cookie pou\u017e\u00edva Google v slu\u017ebe\u00a0 DoubleClick na registr\u00e1ciu a hl\u00e1senie akci\u00ed pou\u017e\u00edvate\u013ea webov\u00fdch str\u00e1nok po ich\u00a0 prezeran\u00ed alebo klikan\u00ed na niektor\u00fa z rekl\u00e1m inzerenta na \u00fa\u010dely merania \u00fa\u010dinnosti reklamy a na predstavenie cielen\u00fdch rekl\u00e1m pou\u017e\u00edvate\u013eovi v prehliada\u010di.<\/td>\n<td style=\"width: 11.0235%;\" width=\"86\">doubleclick.net<\/td>\n<td style=\"width: 90.1173%;\" width=\"103\">1 rok<\/td>\n<\/tr>\n<tr>\n<td style=\"width: 21.2181%;\" width=\"161\"><strong>test_cookie<\/strong><\/td>\n<td style=\"width: 31.7461%;\" width=\"159\">T\u00e1to cookie sl\u00fa\u017ei na kontrolu, \u010di prehliada\u010d pou\u017e\u00edvate\u013ea povo\u013euje ukladanie s\u00faborov cookies.<\/td>\n<td style=\"width: 11.0235%;\" width=\"86\">doubleclick.net<\/td>\n<td style=\"width: 90.1173%;\" width=\"103\">1 de\u0148<\/td>\n<\/tr>\n<tr>\n<td style=\"width: 21.2181%;\" width=\"161\"><strong>VISITOR_INFO1_LIVE<\/strong><\/td>\n<td style=\"width: 31.7461%;\" width=\"159\">Pok\u00fa\u0161a sa odhadn\u00fa\u0165 \u0161\u00edrku p\u00e1sma pou\u017e\u00edvate\u013eov na str\u00e1nkach s integrovan\u00fdmi videami YouTube.<\/td>\n<td style=\"width: 11.0235%;\" width=\"86\">youtube.com<\/td>\n<td style=\"width: 90.1173%;\" width=\"103\">179 dn\u00ed<\/td>\n<\/tr>\n<tr>\n<td style=\"width: 21.2181%;\" width=\"161\"><strong>YSC<\/strong><\/td>\n<td style=\"width: 31.7461%;\" width=\"159\">T\u00e1to cookies zaregistruje jedine\u010dn\u00fd identifik\u00e1tor, ktor\u00fd umo\u017e\u0148uje generova\u0165 \u0161tatistiku vide\u00ed, ktor\u00e9 pou\u017e\u00edvate\u013e na YouTube u\u017e videl.<\/td>\n<td style=\"width: 11.0235%;\" width=\"86\">youtube.com<\/td>\n<td style=\"width: 90.1173%;\" width=\"103\">Po\u010das n\u00e1v\u0161tevy webovej str\u00e1nky (rel\u00e1cie webov\u00e9ho prehliada\u010da)<\/td>\n<\/tr>\n<tr>\n<td style=\"width: 21.2181%;\" width=\"161\"><strong>yt.innertube::nextId<\/strong><\/td>\n<td style=\"width: 31.7461%;\" width=\"159\">T\u00e1to cookies zaregistruje jedine\u010dn\u00fd identifik\u00e1tor, ktor\u00fd umo\u017e\u0148uje generova\u0165 \u0161tatistiku vide\u00ed, ktor\u00e9 pou\u017e\u00edvate\u013e na YouTube u\u017e videl.<\/td>\n<td style=\"width: 11.0235%;\" width=\"86\">youtube.com<\/td>\n<td style=\"width: 90.1173%;\" width=\"103\">Permanentn\u00e1 (do manu\u00e1lneho vymazania)<\/td>\n<\/tr>\n<tr>\n<td style=\"width: 21.2181%;\" width=\"161\"><strong>yt.innertube::requests<\/strong><\/td>\n<td style=\"width: 31.7461%;\" width=\"159\">T\u00e1to cookies zaregistruje jedine\u010dn\u00fd identifik\u00e1tor, ktor\u00fd umo\u017e\u0148uje generova\u0165 \u0161tatistiku vide\u00ed, ktor\u00e9 pou\u017e\u00edvate\u013e na YouTube u\u017e videl.<\/td>\n<td style=\"width: 11.0235%;\" width=\"86\">youtube.com<\/td>\n<td style=\"width: 90.1173%;\" width=\"103\">Permanentn\u00e1 (do manu\u00e1lneho vymazania)<\/td>\n<\/tr>\n<tr>\n<td style=\"width: 21.2181%;\" width=\"161\"><strong>yt-remote-cast-installed<\/strong><\/td>\n<td style=\"width: 31.7461%;\" width=\"159\">T\u00e1to cookie uklad\u00e1 predvo\u013eby k vide\u00e1m na Youtube v prehr\u00e1va\u010di pou\u017e\u00edvate\u013ea pomocou vlo\u017een\u00e9ho YouTube videa.<\/td>\n<td style=\"width: 11.0235%;\" width=\"86\">youtube.com<\/td>\n<td style=\"width: 90.1173%;\" width=\"103\">Po\u010das n\u00e1v\u0161tevy webovej str\u00e1nky (rel\u00e1cie webov\u00e9ho prehliada\u010da)<\/td>\n<\/tr>\n<tr>\n<td style=\"width: 21.2181%;\" width=\"161\"><strong>yt-remote-connected-devices<\/strong><\/td>\n<td style=\"width: 31.7461%;\" width=\"159\">T\u00e1to cookie uklad\u00e1 predvo\u013eby k vide\u00e1m na Youtube v prehr\u00e1va\u010di pou\u017e\u00edvate\u013ea pomocou vlo\u017een\u00e9ho YouTube videa.<\/td>\n<td style=\"width: 11.0235%;\" width=\"86\">youtube.com<\/td>\n<td style=\"width: 90.1173%;\" width=\"103\">Permanentn\u00e1 (do manu\u00e1lneho vymazania)<\/td>\n<\/tr>\n<tr>\n<td style=\"width: 21.2181%;\" width=\"161\"><strong>yt-remote-device-id<\/strong><\/td>\n<td style=\"width: 31.7461%;\" width=\"159\">T\u00e1to cookie uklad\u00e1 predvo\u013eby k vide\u00e1m na Youtube v prehr\u00e1va\u010di pou\u017e\u00edvate\u013ea pomocou vlo\u017een\u00e9ho YouTube videa.<\/td>\n<td style=\"width: 11.0235%;\" width=\"86\">youtube.com<\/td>\n<td style=\"width: 90.1173%;\" width=\"103\">Permanentn\u00e1 (do manu\u00e1lneho vymazania)<\/td>\n<\/tr>\n<tr>\n<td style=\"width: 21.2181%;\" width=\"161\"><strong>yt-remote-fast-check-period<\/strong><\/td>\n<td style=\"width: 31.7461%;\" width=\"159\">T\u00e1to cookie uklad\u00e1 predvo\u013eby k vide\u00e1m na Youtube v prehr\u00e1va\u010di pou\u017e\u00edvate\u013ea pomocou vlo\u017een\u00e9ho YouTube videa.<\/td>\n<td style=\"width: 11.0235%;\" width=\"86\">youtube.com<\/td>\n<td style=\"width: 90.1173%;\" width=\"103\">Po\u010das n\u00e1v\u0161tevy webovej str\u00e1nky (rel\u00e1cie webov\u00e9ho prehliada\u010da)<\/td>\n<\/tr>\n<tr>\n<td style=\"width: 21.2181%;\" width=\"161\"><strong>yt-remote-session-app<\/strong><\/td>\n<td style=\"width: 31.7461%;\" width=\"159\">T\u00e1to cookie uklad\u00e1 predvo\u013eby k vide\u00e1m na Youtube v prehr\u00e1va\u010di pou\u017e\u00edvate\u013ea pomocou vlo\u017een\u00e9ho YouTube videa.<\/td>\n<td style=\"width: 11.0235%;\" width=\"86\">youtube.com<\/td>\n<td style=\"width: 90.1173%;\" width=\"103\">Po\u010das n\u00e1v\u0161tevy webovej str\u00e1nky (rel\u00e1cie webov\u00e9ho prehliada\u010da)<\/td>\n<\/tr>\n<tr>\n<td style=\"width: 21.2181%;\" width=\"161\"><strong>yt-remote-session-name<\/strong><\/td>\n<td style=\"width: 31.7461%;\" width=\"159\">T\u00e1to cookie uklad\u00e1 predvo\u013eby k vide\u00e1m na Youtube v prehr\u00e1va\u010di pou\u017e\u00edvate\u013ea pomocou vlo\u017een\u00e9ho YouTube videa.<\/td>\n<td style=\"width: 11.0235%;\" width=\"86\">youtube.com<\/td>\n<td style=\"width: 90.1173%;\" width=\"103\">Po\u010das n\u00e1v\u0161tevy webovej str\u00e1nky (rel\u00e1cie webov\u00e9ho prehliada\u010da)<\/td>\n<\/tr>\n<\/tbody>\n<\/table>\n<p>&nbsp;<\/p>\n<ol start=\"3\">\n<li><strong>Platnos\u0165 <\/strong><\/li>\n<\/ol>\n<p>&nbsp;<\/p>\n<p>Tieto z\u00e1sady pou\u017e\u00edvania s\u00faborov cookies na webovej str\u00e1nke s\u00fa platn\u00e9 a \u00fa\u010dinn\u00e9 od 01.07.2021. Prev\u00e1dzkovate\u013e je opr\u00e1vnen\u00fd aktualizova\u0165 a meni\u0165 tieto z\u00e1sady pou\u017e\u00edvania s\u00faborov cookies. V pr\u00edpade zmeny t\u00fdchto z\u00e1sad V\u00e1s Prev\u00e1dzkovate\u013e o zmen\u00e1ch obozn\u00e1mi vopred.<\/p>\n<p>&nbsp;<\/p>\n<p>&nbsp;<\/p>\n<p>&nbsp;<\/p>\n","protected":false},"excerpt":{"rendered":"<p>1. Identifik\u00e1cia Prev\u00e1dzkovate\u013ea a\u00a0v\u0161eobecn\u00e9 inform\u00e1cie Obchodn\u00e1 spolo\u010dnos\u0165 OK mont Europe s.r.o., so s\u00eddlom Kop\u010dansk\u00e1 35, 908 51, Hol\u00ed\u010d, I\u010cO: 513<\/p>\n","protected":false},"author":5,"featured_media":0,"parent":0,"menu_order":0,"comment_status":"closed","ping_status":"closed","template":"","meta":{"footnotes":""},"_links":{"self":[{"href":"https:\/\/okshop.upvision.site\/cs\/wp-json\/wp\/v2\/pages\/5484"}],"collection":[{"href":"https:\/\/okshop.upvision.site\/cs\/wp-json\/wp\/v2\/pages"}],"about":[{"href":"https:\/\/okshop.upvision.site\/cs\/wp-json\/wp\/v2\/types\/page"}],"author":[{"embeddable":true,"href":"https:\/\/okshop.upvision.site\/cs\/wp-json\/wp\/v2\/users\/5"}],"replies":[{"embeddable":true,"href":"https:\/\/okshop.upvision.site\/cs\/wp-json\/wp\/v2\/comments?post=5484"}],"version-history":[{"count":2,"href":"https:\/\/okshop.upvision.site\/cs\/wp-json\/wp\/v2\/pages\/5484\/revisions"}],"predecessor-version":[{"id":6194,"href":"https:\/\/okshop.upvision.site\/cs\/wp-json\/wp\/v2\/pages\/5484\/revisions\/6194"}],"wp:attachment":[{"href":"https:\/\/okshop.upvision.site\/cs\/wp-json\/wp\/v2\/media?parent=5484"}],"curies":[{"name":"wp","href":"https:\/\/api.w.org\/{rel}","templated":true}]}}